{"id":313,"date":"2025-03-11T12:57:49","date_gmt":"2025-03-11T11:57:49","guid":{"rendered":"https:\/\/actionmall.act.at\/shop\/451\/?post_type=product&#038;p=313"},"modified":"2025-03-11T12:57:49","modified_gmt":"2025-03-11T11:57:49","slug":"trainings-t-shirt-herren","status":"publish","type":"product","link":"https:\/\/actionmall.act.at\/shop\/451\/produkt\/trainings-t-shirt-herren\/","title":{"rendered":"Trainings T-Shirt Herren"},"content":{"rendered":"<p><img loading=\"lazy\" decoding=\"async\" class=\"alignnone size-medium wp-image-314\" src=\"https:\/\/actionmall.act.at\/shop\/451\/wp-content\/uploads\/2025\/03\/Screenshot-2025-03-11-122044-300x225.png\" alt=\"\" width=\"300\" height=\"225\" srcset=\"https:\/\/actionmall.act.at\/shop\/451\/wp-content\/uploads\/2025\/03\/Screenshot-2025-03-11-122044-300x225.png 300w, https:\/\/actionmall.act.at\/shop\/451\/wp-content\/uploads\/2025\/03\/Screenshot-2025-03-11-122044-1024x766.png 1024w, https:\/\/actionmall.act.at\/shop\/451\/wp-content\/uploads\/2025\/03\/Screenshot-2025-03-11-122044-768x575.png 768w, https:\/\/actionmall.act.at\/shop\/451\/wp-content\/uploads\/2025\/03\/Screenshot-2025-03-11-122044-416x311.png 416w, https:\/\/actionmall.act.at\/shop\/451\/wp-content\/uploads\/2025\/03\/Screenshot-2025-03-11-122044.png 1212w\" sizes=\"(max-width: 300px) 100vw, 300px\" \/><\/p>\n","protected":false},"excerpt":{"rendered":"<p>Dieses Trainings-T-Shirt kombiniert Stil und Funktionalit\u00e4t. Atmungsaktiv aus Polyester. In allen Gr\u00f6\u00dfen erh\u00e4ltlich.<\/p>\n","protected":false},"featured_media":314,"template":"","meta":[],"product_cat":[],"product_tag":[],"class_list":{"0":"post-313","1":"product","2":"type-product","3":"status-publish","4":"has-post-thumbnail","7":"first","8":"instock","9":"taxable","10":"shipping-taxable","11":"purchasable","12":"product-type-simple"},"_links":{"self":[{"href":"https:\/\/actionmall.act.at\/shop\/451\/wp-json\/wp\/v2\/product\/313"}],"collection":[{"href":"https:\/\/actionmall.act.at\/shop\/451\/wp-json\/wp\/v2\/product"}],"about":[{"href":"https:\/\/actionmall.act.at\/shop\/451\/wp-json\/wp\/v2\/types\/product"}],"wp:featuredmedia":[{"embeddable":true,"href":"https:\/\/actionmall.act.at\/shop\/451\/wp-json\/wp\/v2\/media\/314"}],"wp:attachment":[{"href":"https:\/\/actionmall.act.at\/shop\/451\/wp-json\/wp\/v2\/media?parent=313"}],"wp:term":[{"taxonomy":"product_cat","embeddable":true,"href":"https:\/\/actionmall.act.at\/shop\/451\/wp-json\/wp\/v2\/product_cat?post=313"},{"taxonomy":"product_tag","embeddable":true,"href":"https:\/\/actionmall.act.at\/shop\/451\/wp-json\/wp\/v2\/product_tag?post=313"}],"curies":[{"name":"wp","href":"https:\/\/api.w.org\/{rel}","templated":true}]}}