{"id":364,"date":"2025-10-03T12:13:19","date_gmt":"2025-10-03T10:13:19","guid":{"rendered":"https:\/\/actionmall.act.at\/shop\/451\/?post_type=product&#038;p=364"},"modified":"2025-10-03T12:13:30","modified_gmt":"2025-10-03T10:13:30","slug":"arnold-fitnessguertel-passionata","status":"publish","type":"product","link":"https:\/\/actionmall.act.at\/shop\/451\/produkt\/arnold-fitnessguertel-passionata\/","title":{"rendered":"Arnold Fitnessg\u00fcrtel Passionata"},"content":{"rendered":"<p>Robuster Trainingsg\u00fcrtel f\u00fcr optimalen Halt und R\u00fcckenschutz beim Krafttraining. Hochwertige Verarbeitung, bequeme Passform und stylisches Design \u2013 ideal f\u00fcr intensive Workouts und maximale Performance.<\/p>\n","protected":false},"excerpt":{"rendered":"<p>Robuster Trainingsg\u00fcrtel f\u00fcr optimalen Halt und R\u00fcckenschutz beim Krafttraining. Hochwertige Verarbeitung, bequeme Passform und stylisches Design \u2013 ideal f\u00fcr intensive Workouts und maximale Performance.<\/p>\n","protected":false},"featured_media":365,"template":"","meta":[],"product_cat":[],"product_tag":[],"class_list":{"0":"post-364","1":"product","2":"type-product","3":"status-publish","4":"has-post-thumbnail","7":"first","8":"instock","9":"taxable","10":"shipping-taxable","11":"purchasable","12":"product-type-simple"},"_links":{"self":[{"href":"https:\/\/actionmall.act.at\/shop\/451\/wp-json\/wp\/v2\/product\/364"}],"collection":[{"href":"https:\/\/actionmall.act.at\/shop\/451\/wp-json\/wp\/v2\/product"}],"about":[{"href":"https:\/\/actionmall.act.at\/shop\/451\/wp-json\/wp\/v2\/types\/product"}],"wp:featuredmedia":[{"embeddable":true,"href":"https:\/\/actionmall.act.at\/shop\/451\/wp-json\/wp\/v2\/media\/365"}],"wp:attachment":[{"href":"https:\/\/actionmall.act.at\/shop\/451\/wp-json\/wp\/v2\/media?parent=364"}],"wp:term":[{"taxonomy":"product_cat","embeddable":true,"href":"https:\/\/actionmall.act.at\/shop\/451\/wp-json\/wp\/v2\/product_cat?post=364"},{"taxonomy":"product_tag","embeddable":true,"href":"https:\/\/actionmall.act.at\/shop\/451\/wp-json\/wp\/v2\/product_tag?post=364"}],"curies":[{"name":"wp","href":"https:\/\/api.w.org\/{rel}","templated":true}]}}