{"id":368,"date":"2025-10-03T12:53:24","date_gmt":"2025-10-03T10:53:24","guid":{"rendered":"https:\/\/actionmall.act.at\/shop\/451\/?post_type=product&#038;p=368"},"modified":"2025-10-03T12:53:24","modified_gmt":"2025-10-03T10:53:24","slug":"springseil-2","status":"publish","type":"product","link":"https:\/\/actionmall.act.at\/shop\/451\/produkt\/springseil-2\/","title":{"rendered":"Springseil"},"content":{"rendered":"<p>Dieses Springseil ist ein vielseitiges Fitnessger\u00e4t f\u00fcr effektives Ausdauer- und Koordinationstraining. Es verf\u00fcgt \u00fcber ergonomische Griffe und ein verstellbares Seil f\u00fcr individuellen Komfort. Ideal f\u00fcr Anf\u00e4nger und Profis im Heim- oder Outdoor-Training.<\/p>\n","protected":false},"excerpt":{"rendered":"<p>Dieses Springseil ist ein vielseitiges Fitnessger\u00e4t f\u00fcr effektives Ausdauer- und Koordinationstraining. Es verf\u00fcgt \u00fcber ergonomische Griffe und ein verstellbares Seil f\u00fcr individuellen Komfort. Ideal f\u00fcr Anf\u00e4nger und Profis im Heim- oder Outdoor-Training.<\/p>\n","protected":false},"featured_media":369,"template":"","meta":[],"product_cat":[],"product_tag":[],"class_list":{"0":"post-368","1":"product","2":"type-product","3":"status-publish","4":"has-post-thumbnail","7":"first","8":"instock","9":"taxable","10":"shipping-taxable","11":"purchasable","12":"product-type-simple"},"_links":{"self":[{"href":"https:\/\/actionmall.act.at\/shop\/451\/wp-json\/wp\/v2\/product\/368"}],"collection":[{"href":"https:\/\/actionmall.act.at\/shop\/451\/wp-json\/wp\/v2\/product"}],"about":[{"href":"https:\/\/actionmall.act.at\/shop\/451\/wp-json\/wp\/v2\/types\/product"}],"wp:featuredmedia":[{"embeddable":true,"href":"https:\/\/actionmall.act.at\/shop\/451\/wp-json\/wp\/v2\/media\/369"}],"wp:attachment":[{"href":"https:\/\/actionmall.act.at\/shop\/451\/wp-json\/wp\/v2\/media?parent=368"}],"wp:term":[{"taxonomy":"product_cat","embeddable":true,"href":"https:\/\/actionmall.act.at\/shop\/451\/wp-json\/wp\/v2\/product_cat?post=368"},{"taxonomy":"product_tag","embeddable":true,"href":"https:\/\/actionmall.act.at\/shop\/451\/wp-json\/wp\/v2\/product_tag?post=368"}],"curies":[{"name":"wp","href":"https:\/\/api.w.org\/{rel}","templated":true}]}}