{"id":370,"date":"2025-10-07T08:20:12","date_gmt":"2025-10-07T06:20:12","guid":{"rendered":"https:\/\/actionmall.act.at\/shop\/451\/?post_type=product&#038;p=370"},"modified":"2025-10-07T08:20:12","modified_gmt":"2025-10-07T06:20:12","slug":"tailenguertel-formung-bauchguertel-yoga","status":"publish","type":"product","link":"https:\/\/actionmall.act.at\/shop\/451\/produkt\/tailenguertel-formung-bauchguertel-yoga\/","title":{"rendered":"Taileng\u00fcrtel Formung Bauchg\u00fcrtel Yoga"},"content":{"rendered":"<p>Der Tailleng\u00fcrtel f\u00f6rdert gezielt die K\u00f6rperformung und unterst\u00fctzt die Straffung der Bauchpartie. Er ist bequem zu tragen und ideal f\u00fcr Yoga, Fitness und Alltag geeignet. Mit seinem flexiblen Material sorgt er f\u00fcr angenehmen Halt und verbessert die K\u00f6rperhaltung.<\/p>\n","protected":false},"excerpt":{"rendered":"<p>Der Tailleng\u00fcrtel f\u00f6rdert gezielt die K\u00f6rperformung und unterst\u00fctzt die Straffung der Bauchpartie. Er ist bequem zu tragen und ideal f\u00fcr Yoga, Fitness und Alltag geeignet. Mit seinem flexiblen Material sorgt er f\u00fcr angenehmen Halt und verbessert die K\u00f6rperhaltung.<\/p>\n","protected":false},"featured_media":373,"template":"","meta":[],"product_cat":[],"product_tag":[],"class_list":{"0":"post-370","1":"product","2":"type-product","3":"status-publish","4":"has-post-thumbnail","7":"first","8":"instock","9":"taxable","10":"shipping-taxable","11":"purchasable","12":"product-type-simple"},"_links":{"self":[{"href":"https:\/\/actionmall.act.at\/shop\/451\/wp-json\/wp\/v2\/product\/370"}],"collection":[{"href":"https:\/\/actionmall.act.at\/shop\/451\/wp-json\/wp\/v2\/product"}],"about":[{"href":"https:\/\/actionmall.act.at\/shop\/451\/wp-json\/wp\/v2\/types\/product"}],"wp:featuredmedia":[{"embeddable":true,"href":"https:\/\/actionmall.act.at\/shop\/451\/wp-json\/wp\/v2\/media\/373"}],"wp:attachment":[{"href":"https:\/\/actionmall.act.at\/shop\/451\/wp-json\/wp\/v2\/media?parent=370"}],"wp:term":[{"taxonomy":"product_cat","embeddable":true,"href":"https:\/\/actionmall.act.at\/shop\/451\/wp-json\/wp\/v2\/product_cat?post=370"},{"taxonomy":"product_tag","embeddable":true,"href":"https:\/\/actionmall.act.at\/shop\/451\/wp-json\/wp\/v2\/product_tag?post=370"}],"curies":[{"name":"wp","href":"https:\/\/api.w.org\/{rel}","templated":true}]}}