{"id":374,"date":"2025-10-07T08:23:43","date_gmt":"2025-10-07T06:23:43","guid":{"rendered":"https:\/\/actionmall.act.at\/shop\/451\/?post_type=product&#038;p=374"},"modified":"2025-10-07T08:23:43","modified_gmt":"2025-10-07T06:23:43","slug":"herren-t-shirt-feuchtigkeitsableitendes-hemd","status":"publish","type":"product","link":"https:\/\/actionmall.act.at\/shop\/451\/produkt\/herren-t-shirt-feuchtigkeitsableitendes-hemd\/","title":{"rendered":"Herren T-Shirt feuchtigkeitsableitendes Hemd"},"content":{"rendered":"<p>Das feuchtigkeitsableitende Herren T-Shirt ist die perfekte Erg\u00e4nzung zum formenden Taileng\u00fcrtel. Es h\u00e4lt den K\u00f6rper auch bei intensiven Yoga- oder Trainingseinheiten angenehm trocken. In Kombination bieten G\u00fcrtel und Shirt optimalen Komfort, Unterst\u00fctzung und Atmungsaktivit\u00e4t f\u00fcr ein effektives Workout.<\/p>\n","protected":false},"excerpt":{"rendered":"<p>Das feuchtigkeitsableitende Herren T-Shirt ist die perfekte Erg\u00e4nzung zum formenden Taileng\u00fcrtel. Es h\u00e4lt den K\u00f6rper auch bei intensiven Yoga- oder Trainingseinheiten angenehm trocken. In Kombination bieten G\u00fcrtel und Shirt optimalen Komfort, Unterst\u00fctzung und Atmungsaktivit\u00e4t f\u00fcr ein effektives Workout.<\/p>\n","protected":false},"featured_media":375,"template":"","meta":[],"product_cat":[],"product_tag":[],"class_list":{"0":"post-374","1":"product","2":"type-product","3":"status-publish","4":"has-post-thumbnail","7":"first","8":"instock","9":"taxable","10":"shipping-taxable","11":"purchasable","12":"product-type-simple"},"_links":{"self":[{"href":"https:\/\/actionmall.act.at\/shop\/451\/wp-json\/wp\/v2\/product\/374"}],"collection":[{"href":"https:\/\/actionmall.act.at\/shop\/451\/wp-json\/wp\/v2\/product"}],"about":[{"href":"https:\/\/actionmall.act.at\/shop\/451\/wp-json\/wp\/v2\/types\/product"}],"wp:featuredmedia":[{"embeddable":true,"href":"https:\/\/actionmall.act.at\/shop\/451\/wp-json\/wp\/v2\/media\/375"}],"wp:attachment":[{"href":"https:\/\/actionmall.act.at\/shop\/451\/wp-json\/wp\/v2\/media?parent=374"}],"wp:term":[{"taxonomy":"product_cat","embeddable":true,"href":"https:\/\/actionmall.act.at\/shop\/451\/wp-json\/wp\/v2\/product_cat?post=374"},{"taxonomy":"product_tag","embeddable":true,"href":"https:\/\/actionmall.act.at\/shop\/451\/wp-json\/wp\/v2\/product_tag?post=374"}],"curies":[{"name":"wp","href":"https:\/\/api.w.org\/{rel}","templated":true}]}}