{"id":378,"date":"2025-10-07T08:38:15","date_gmt":"2025-10-07T06:38:15","guid":{"rendered":"https:\/\/actionmall.act.at\/shop\/451\/?post_type=product&#038;p=378"},"modified":"2025-10-07T08:38:15","modified_gmt":"2025-10-07T06:38:15","slug":"damen-sportleggings-lang","status":"publish","type":"product","link":"https:\/\/actionmall.act.at\/shop\/451\/produkt\/damen-sportleggings-lang\/","title":{"rendered":"Damen Sportleggings lang"},"content":{"rendered":"<p>Die langen Damen Sportleggings bieten optimale Bewegungsfreiheit und einen figurbetonten Sitz \u2013 ideal f\u00fcr Yoga, Fitness oder Freizeit. Das atmungsaktive, elastische Material sorgt f\u00fcr ein angenehmes Tragegef\u00fchl auch bei intensiven Workouts. In Kombination mit dem formenden Taileng\u00fcrtel, dem feuchtigkeitsableitenden Herren T-Shirt und den Passionata Shorts entsteht ein funktionales und stilvolles Sport-Outfit.<\/p>\n","protected":false},"excerpt":{"rendered":"<p>Die langen Damen Sportleggings bieten optimale Bewegungsfreiheit und einen figurbetonten Sitz \u2013 ideal f\u00fcr Yoga, Fitness oder Freizeit. Das atmungsaktive, elastische Material sorgt f\u00fcr ein angenehmes Tragegef\u00fchl auch bei intensiven Workouts. In Kombination mit dem formenden Taileng\u00fcrtel, dem feuchtigkeitsableitenden Herren T-Shirt und den Passionata Shorts entsteht ein funktionales und stilvolles Sport-Outfit.<\/p>\n","protected":false},"featured_media":379,"template":"","meta":[],"product_cat":[],"product_tag":[],"class_list":{"0":"post-378","1":"product","2":"type-product","3":"status-publish","4":"has-post-thumbnail","7":"first","8":"instock","9":"taxable","10":"shipping-taxable","11":"purchasable","12":"product-type-simple"},"_links":{"self":[{"href":"https:\/\/actionmall.act.at\/shop\/451\/wp-json\/wp\/v2\/product\/378"}],"collection":[{"href":"https:\/\/actionmall.act.at\/shop\/451\/wp-json\/wp\/v2\/product"}],"about":[{"href":"https:\/\/actionmall.act.at\/shop\/451\/wp-json\/wp\/v2\/types\/product"}],"wp:featuredmedia":[{"embeddable":true,"href":"https:\/\/actionmall.act.at\/shop\/451\/wp-json\/wp\/v2\/media\/379"}],"wp:attachment":[{"href":"https:\/\/actionmall.act.at\/shop\/451\/wp-json\/wp\/v2\/media?parent=378"}],"wp:term":[{"taxonomy":"product_cat","embeddable":true,"href":"https:\/\/actionmall.act.at\/shop\/451\/wp-json\/wp\/v2\/product_cat?post=378"},{"taxonomy":"product_tag","embeddable":true,"href":"https:\/\/actionmall.act.at\/shop\/451\/wp-json\/wp\/v2\/product_tag?post=378"}],"curies":[{"name":"wp","href":"https:\/\/api.w.org\/{rel}","templated":true}]}}