{"id":383,"date":"2025-10-07T08:49:04","date_gmt":"2025-10-07T06:49:04","guid":{"rendered":"https:\/\/actionmall.act.at\/shop\/451\/?post_type=product&#038;p=383"},"modified":"2025-12-12T12:31:22","modified_gmt":"2025-12-12T11:31:22","slug":"herren-laufschuhe","status":"publish","type":"product","link":"https:\/\/actionmall.act.at\/shop\/451\/produkt\/herren-laufschuhe\/","title":{"rendered":"Herren Laufschuhe"},"content":{"rendered":"<p>Die Herren Laufschuhe bieten optimalen Halt und D\u00e4mpfung f\u00fcr jedes Lauftraining. Atmungsaktive Materialien sorgen f\u00fcr ein angenehmes Fu\u00dfklima. Mit ihrem sportlichen Design eignen sie sich perfekt f\u00fcr Alltag und Workout.<\/p>\n","protected":false},"excerpt":{"rendered":"<p>Die Herren Laufschuhe bieten optimalen Halt und D\u00e4mpfung f\u00fcr jedes Lauftraining. Atmungsaktive Materialien sorgen f\u00fcr ein angenehmes Fu\u00dfklima. Mit ihrem sportlichen Design eignen sie sich perfekt f\u00fcr Alltag und Workout.<\/p>\n","protected":false},"featured_media":384,"template":"","meta":[],"product_cat":[],"product_tag":[],"class_list":{"0":"post-383","1":"product","2":"type-product","3":"status-publish","4":"has-post-thumbnail","7":"first","8":"instock","9":"sale","10":"taxable","11":"shipping-taxable","12":"purchasable","13":"product-type-simple"},"_links":{"self":[{"href":"https:\/\/actionmall.act.at\/shop\/451\/wp-json\/wp\/v2\/product\/383"}],"collection":[{"href":"https:\/\/actionmall.act.at\/shop\/451\/wp-json\/wp\/v2\/product"}],"about":[{"href":"https:\/\/actionmall.act.at\/shop\/451\/wp-json\/wp\/v2\/types\/product"}],"wp:featuredmedia":[{"embeddable":true,"href":"https:\/\/actionmall.act.at\/shop\/451\/wp-json\/wp\/v2\/media\/384"}],"wp:attachment":[{"href":"https:\/\/actionmall.act.at\/shop\/451\/wp-json\/wp\/v2\/media?parent=383"}],"wp:term":[{"taxonomy":"product_cat","embeddable":true,"href":"https:\/\/actionmall.act.at\/shop\/451\/wp-json\/wp\/v2\/product_cat?post=383"},{"taxonomy":"product_tag","embeddable":true,"href":"https:\/\/actionmall.act.at\/shop\/451\/wp-json\/wp\/v2\/product_tag?post=383"}],"curies":[{"name":"wp","href":"https:\/\/api.w.org\/{rel}","templated":true}]}}