{"id":401,"date":"2025-11-04T08:09:06","date_gmt":"2025-11-04T07:09:06","guid":{"rendered":"https:\/\/actionmall.act.at\/shop\/451\/?post_type=product&#038;p=401"},"modified":"2026-03-01T00:01:42","modified_gmt":"2026-02-28T23:01:42","slug":"klassischer-damen-anzug","status":"publish","type":"product","link":"https:\/\/actionmall.act.at\/shop\/451\/produkt\/klassischer-damen-anzug\/","title":{"rendered":"Klassischer Damen Anzug"},"content":{"rendered":"<p>Ein klassischer Damenanzug besticht durch zeitlose Eleganz und eine perfekte Passform. Das hochwertige Material und die pr\u00e4zise Verarbeitung sorgen f\u00fcr einen professionellen und stilvollen Auftritt. Ideal f\u00fcr B\u00fcro, Business-Meetings oder festliche Anl\u00e4sse \u2013 ein Must-have f\u00fcr jede moderne Frau.<\/p>\n","protected":false},"excerpt":{"rendered":"<p>Ein klassischer Damenanzug besticht durch zeitlose Eleganz und eine perfekte Passform. Das hochwertige Material und die pr\u00e4zise Verarbeitung sorgen f\u00fcr einen professionellen und stilvollen Auftritt. Ideal f\u00fcr B\u00fcro, Business-Meetings oder festliche Anl\u00e4sse \u2013 ein Must-have f\u00fcr jede moderne Frau.<\/p>\n","protected":false},"featured_media":396,"template":"","meta":[],"product_cat":[],"product_tag":[],"class_list":{"0":"post-401","1":"product","2":"type-product","3":"status-publish","4":"has-post-thumbnail","7":"first","8":"instock","9":"taxable","10":"shipping-taxable","11":"purchasable","12":"product-type-simple"},"_links":{"self":[{"href":"https:\/\/actionmall.act.at\/shop\/451\/wp-json\/wp\/v2\/product\/401"}],"collection":[{"href":"https:\/\/actionmall.act.at\/shop\/451\/wp-json\/wp\/v2\/product"}],"about":[{"href":"https:\/\/actionmall.act.at\/shop\/451\/wp-json\/wp\/v2\/types\/product"}],"wp:featuredmedia":[{"embeddable":true,"href":"https:\/\/actionmall.act.at\/shop\/451\/wp-json\/wp\/v2\/media\/396"}],"wp:attachment":[{"href":"https:\/\/actionmall.act.at\/shop\/451\/wp-json\/wp\/v2\/media?parent=401"}],"wp:term":[{"taxonomy":"product_cat","embeddable":true,"href":"https:\/\/actionmall.act.at\/shop\/451\/wp-json\/wp\/v2\/product_cat?post=401"},{"taxonomy":"product_tag","embeddable":true,"href":"https:\/\/actionmall.act.at\/shop\/451\/wp-json\/wp\/v2\/product_tag?post=401"}],"curies":[{"name":"wp","href":"https:\/\/api.w.org\/{rel}","templated":true}]}}