{"id":435,"date":"2026-01-30T12:49:58","date_gmt":"2026-01-30T11:49:58","guid":{"rendered":"https:\/\/actionmall.act.at\/shop\/451\/?post_type=product&#038;p=435"},"modified":"2026-01-30T12:52:00","modified_gmt":"2026-01-30T11:52:00","slug":"paket-xl","status":"publish","type":"product","link":"https:\/\/actionmall.act.at\/shop\/451\/produkt\/paket-xl\/","title":{"rendered":"Paket XL (Personal-Coaching)"},"content":{"rendered":"<p>Corporate Coaching<\/p>\n<p>\u00b7\u00a0\u00a0\u00a0\u00a0\u00a0\u00a0\u00a0\u00a05\u00d7 w\u00f6chentlich Vor-Ort-Coaching (60 Minuten)<\/p>\n<p>\u00b7\u00a0\u00a0\u00a0\u00a0\u00a0\u00a0\u00a0\u00a0Unbegrenzte Online-Follow-Ups f\u00fcr F\u00fchrungskr\u00e4fte<\/p>\n<p>\u00b7\u00a0\u00a0\u00a0\u00a0\u00a0\u00a0\u00a0\u00a04\u00d7 j\u00e4hrlich Team-Workshop (ganztags)<\/p>\n<p>\u00b7\u00a0\u00a0\u00a0\u00a0\u00a0\u00a0\u00a0\u00a0J\u00e4hrliche Leistungsanalyse (bis 50 Personen)<\/p>\n<p>\u20ac 2.150,00 pro Monat exkl. USt.<\/p>\n<p>&nbsp;<\/p>\n<p>&nbsp;<\/p>\n","protected":false},"excerpt":{"rendered":"<p>Corporate Coaching \u00b7\u00a0\u00a0\u00a0\u00a0\u00a0\u00a0\u00a0\u00a05\u00d7 w\u00f6chentlich Vor-Ort-Coaching (60 Minuten) \u00b7\u00a0\u00a0\u00a0\u00a0\u00a0\u00a0\u00a0\u00a0Unbegrenzte Online-Follow-Ups f\u00fcr F\u00fchrungskr\u00e4fte \u00b7\u00a0\u00a0\u00a0\u00a0\u00a0\u00a0\u00a0\u00a04\u00d7 j\u00e4hrlich Team-Workshop (ganztags) \u00b7\u00a0\u00a0\u00a0\u00a0\u00a0\u00a0\u00a0\u00a0J\u00e4hrliche Leistungsanalyse (bis 50 Personen) \u20ac 2.150,00 pro Monat exkl. USt. &nbsp; &nbsp;<\/p>\n","protected":false},"featured_media":432,"template":"","meta":[],"product_cat":[],"product_tag":[],"class_list":{"0":"post-435","1":"product","2":"type-product","3":"status-publish","4":"has-post-thumbnail","7":"first","8":"instock","9":"taxable","10":"shipping-taxable","11":"purchasable","12":"product-type-simple"},"_links":{"self":[{"href":"https:\/\/actionmall.act.at\/shop\/451\/wp-json\/wp\/v2\/product\/435"}],"collection":[{"href":"https:\/\/actionmall.act.at\/shop\/451\/wp-json\/wp\/v2\/product"}],"about":[{"href":"https:\/\/actionmall.act.at\/shop\/451\/wp-json\/wp\/v2\/types\/product"}],"wp:featuredmedia":[{"embeddable":true,"href":"https:\/\/actionmall.act.at\/shop\/451\/wp-json\/wp\/v2\/media\/432"}],"wp:attachment":[{"href":"https:\/\/actionmall.act.at\/shop\/451\/wp-json\/wp\/v2\/media?parent=435"}],"wp:term":[{"taxonomy":"product_cat","embeddable":true,"href":"https:\/\/actionmall.act.at\/shop\/451\/wp-json\/wp\/v2\/product_cat?post=435"},{"taxonomy":"product_tag","embeddable":true,"href":"https:\/\/actionmall.act.at\/shop\/451\/wp-json\/wp\/v2\/product_tag?post=435"}],"curies":[{"name":"wp","href":"https:\/\/api.w.org\/{rel}","templated":true}]}}