{"id":457,"date":"2026-02-27T12:29:36","date_gmt":"2026-02-27T11:29:36","guid":{"rendered":"https:\/\/actionmall.act.at\/shop\/451\/?post_type=product&#038;p=457"},"modified":"2026-02-27T12:29:36","modified_gmt":"2026-02-27T11:29:36","slug":"arbeitsjacke-mit-personalisierbaren-logo","status":"publish","type":"product","link":"https:\/\/actionmall.act.at\/shop\/451\/produkt\/arbeitsjacke-mit-personalisierbaren-logo\/","title":{"rendered":"Arbeitsjacke mit personalisierbaren Logo"},"content":{"rendered":"<p data-start=\"0\" data-end=\"308\">Diese strapazierf\u00e4hige Arbeitsjacke bietet optimalen Komfort und zuverl\u00e4ssigen Schutz im t\u00e4glichen Einsatz. Das robuste Material ist langlebig und pflegeleicht, w\u00e4hrend der bequeme Schnitt f\u00fcr ausreichend Bewegungsfreiheit sorgt. Mehrere praktische Taschen bieten Platz f\u00fcr Werkzeuge und wichtige Utensilien.<\/p>\n<p data-start=\"310\" data-end=\"482\" data-is-last-node=\"\" data-is-only-node=\"\">Dank des personalisierbaren Logos eignet sich die Jacke ideal f\u00fcr ein einheitliches und professionelles Auftreten Ihres Teams \u2013 perfekt f\u00fcr Handwerk, Industrie und Service.<\/p>\n","protected":false},"excerpt":{"rendered":"<p>Diese strapazierf\u00e4hige Arbeitsjacke bietet optimalen Komfort und zuverl\u00e4ssigen Schutz im t\u00e4glichen Einsatz. Das robuste Material ist langlebig und pflegeleicht, w\u00e4hrend der bequeme Schnitt f\u00fcr ausreichend Bewegungsfreiheit sorgt. Mehrere praktische Taschen bieten Platz f\u00fcr Werkzeuge und wichtige Utensilien. Dank des personalisierbaren Logos eignet sich die Jacke ideal f\u00fcr ein einheitliches und professionelles Auftreten Ihres Teams \u2013 [&hellip;]<\/p>\n","protected":false},"featured_media":455,"template":"","meta":[],"product_cat":[35],"product_tag":[],"class_list":{"0":"post-457","1":"product","2":"type-product","3":"status-publish","4":"has-post-thumbnail","6":"product_cat-bekleidung-und-zubehoer","8":"first","9":"instock","10":"taxable","11":"shipping-taxable","12":"purchasable","13":"product-type-simple"},"_links":{"self":[{"href":"https:\/\/actionmall.act.at\/shop\/451\/wp-json\/wp\/v2\/product\/457"}],"collection":[{"href":"https:\/\/actionmall.act.at\/shop\/451\/wp-json\/wp\/v2\/product"}],"about":[{"href":"https:\/\/actionmall.act.at\/shop\/451\/wp-json\/wp\/v2\/types\/product"}],"wp:featuredmedia":[{"embeddable":true,"href":"https:\/\/actionmall.act.at\/shop\/451\/wp-json\/wp\/v2\/media\/455"}],"wp:attachment":[{"href":"https:\/\/actionmall.act.at\/shop\/451\/wp-json\/wp\/v2\/media?parent=457"}],"wp:term":[{"taxonomy":"product_cat","embeddable":true,"href":"https:\/\/actionmall.act.at\/shop\/451\/wp-json\/wp\/v2\/product_cat?post=457"},{"taxonomy":"product_tag","embeddable":true,"href":"https:\/\/actionmall.act.at\/shop\/451\/wp-json\/wp\/v2\/product_tag?post=457"}],"curies":[{"name":"wp","href":"https:\/\/api.w.org\/{rel}","templated":true}]}}