{"id":447,"date":"2026-03-05T13:21:09","date_gmt":"2026-03-05T12:21:09","guid":{"rendered":"https:\/\/actionmall.act.at\/shop\/47\/?post_type=product&#038;p=447"},"modified":"2026-03-05T13:21:09","modified_gmt":"2026-03-05T12:21:09","slug":"schreibtisch-ligno","status":"publish","type":"product","link":"https:\/\/actionmall.act.at\/shop\/47\/produkt\/schreibtisch-ligno\/","title":{"rendered":"Schreibtisch Ligno"},"content":{"rendered":"<p>Minimalistischer Konferenztisch mit rechteckiger Tischplatte in Holzoptik und stabilen Metallgestellen. Ideal f\u00fcr Besprechungsr\u00e4ume und Teammeetings dank seiner gro\u00dfz\u00fcgigen und klaren Arbeitsfl\u00e4che.<\/p>\n","protected":false},"excerpt":{"rendered":"<ul>\n<li>Farbe: Nat\u00fcrliche Holzmaserung mit mattem Finish<\/li>\n<li>Breite: 120 cm<\/li>\n<li>H\u00f6he: 75 cm<\/li>\n<li>L\u00e4nge: 180 cm<\/li>\n<\/ul>\n","protected":false},"featured_media":448,"template":"","meta":[],"product_cat":[47],"product_tag":[],"class_list":{"0":"post-447","1":"product","2":"type-product","3":"status-publish","4":"has-post-thumbnail","6":"product_cat-buero-und-bueroeinrichtung","8":"first","9":"instock","10":"taxable","11":"shipping-taxable","12":"purchasable","13":"product-type-simple"},"_links":{"self":[{"href":"https:\/\/actionmall.act.at\/shop\/47\/wp-json\/wp\/v2\/product\/447"}],"collection":[{"href":"https:\/\/actionmall.act.at\/shop\/47\/wp-json\/wp\/v2\/product"}],"about":[{"href":"https:\/\/actionmall.act.at\/shop\/47\/wp-json\/wp\/v2\/types\/product"}],"wp:featuredmedia":[{"embeddable":true,"href":"https:\/\/actionmall.act.at\/shop\/47\/wp-json\/wp\/v2\/media\/448"}],"wp:attachment":[{"href":"https:\/\/actionmall.act.at\/shop\/47\/wp-json\/wp\/v2\/media?parent=447"}],"wp:term":[{"taxonomy":"product_cat","embeddable":true,"href":"https:\/\/actionmall.act.at\/shop\/47\/wp-json\/wp\/v2\/product_cat?post=447"},{"taxonomy":"product_tag","embeddable":true,"href":"https:\/\/actionmall.act.at\/shop\/47\/wp-json\/wp\/v2\/product_tag?post=447"}],"curies":[{"name":"wp","href":"https:\/\/api.w.org\/{rel}","templated":true}]}}