{"id":450,"date":"2026-03-05T14:18:18","date_gmt":"2026-03-05T13:18:18","guid":{"rendered":"https:\/\/actionmall.act.at\/shop\/47\/?post_type=product&#038;p=450"},"modified":"2026-03-05T14:18:18","modified_gmt":"2026-03-05T13:18:18","slug":"schreibtisch-geschwungen-modul","status":"publish","type":"product","link":"https:\/\/actionmall.act.at\/shop\/47\/produkt\/schreibtisch-geschwungen-modul\/","title":{"rendered":"Schreibtisch geschwungen MODUL"},"content":{"rendered":"<div class=\"flex flex-col text-sm pb-25\">\n<article class=\"text-token-text-primary w-full focus:outline-none [--shadow-height:45px] has-data-writing-block:pointer-events-none has-data-writing-block:-mt-(--shadow-height) has-data-writing-block:pt-(--shadow-height) [&#038;:has([data-writing-block])>*]:pointer-events-auto scroll-mt-[calc(var(&#8211;header-height)+min(200px,max(70px,20svh)))]&#8220; dir=&#8220;auto&#8220; data-turn-id=&#8220;request-WEB:50a9b54b-6bbc-4671-84a0-fd5247581932-1&#8243; data-testid=&#8220;conversation-turn-4&#8243; data-scroll-anchor=&#8220;true&#8220; data-turn=&#8220;assistant&#8220;><\/p>\n<div class=\"text-base my-auto mx-auto pb-10 [--thread-content-margin:--spacing(4)] @w-sm\/main:[--thread-content-margin:--spacing(6)] @w-lg\/main:[--thread-content-margin:--spacing(16)] px-(--thread-content-margin)\">\n<div class=\"[--thread-content-max-width:40rem] @w-lg\/main:[--thread-content-max-width:48rem] mx-auto max-w-(--thread-content-max-width) flex-1 group\/turn-messages focus-visible:outline-hidden relative flex w-full min-w-0 flex-col agent-turn\">\n<div class=\"flex max-w-full flex-col grow\">\n<div class=\"min-h-8 text-message relative flex w-full flex-col items-end gap-2 text-start break-words whitespace-normal [.text-message+&#038;]:mt-1\" dir=\"auto\" data-message-author-role=\"assistant\" data-message-id=\"973890fe-09ec-4327-8a2e-a125d7392f00\" data-message-model-slug=\"gpt-5-3\">\n<div class=\"flex w-full flex-col gap-1 empty:hidden first:pt-[1px]\">\n<div class=\"markdown prose dark:prose-invert w-full wrap-break-word light markdown-new-styling\">\n<p data-start=\"0\" data-end=\"233\" data-is-last-node=\"\" data-is-only-node=\"\">Moderner B\u00fcroschreibtisch mit stabiler Metallkonstruktion und Tischplatte in nat\u00fcrlicher Holzoptik. Er bietet eine gro\u00dfz\u00fcgige Arbeitsfl\u00e4che und passt dank seines schlichten, zeitlosen Designs ideal in B\u00fcro- und Homeoffice-Umgebungen.<\/p>\n<\/div>\n<\/div>\n<\/div>\n<\/div>\n<div class=\"z-0 flex min-h-[46px] justify-start\"><\/div>\n<\/div>\n<\/div>\n<\/article>\n<\/div>\n<div class=\"pointer-events-none h-px w-px absolute bottom-0\" aria-hidden=\"true\" data-edge=\"true\"><\/div>\n","protected":false},"excerpt":{"rendered":"<ul>\n<li>Farbe: Grau, wei\u00df poliert<\/li>\n<li>Breite: 100 cm<\/li>\n<li>H\u00f6he: 78 cm<\/li>\n<li>L\u00e4nge 200 cm<\/li>\n<\/ul>\n","protected":false},"featured_media":451,"template":"","meta":[],"product_cat":[47],"product_tag":[],"class_list":{"0":"post-450","1":"product","2":"type-product","3":"status-publish","4":"has-post-thumbnail","6":"product_cat-buero-und-bueroeinrichtung","8":"first","9":"instock","10":"taxable","11":"shipping-taxable","12":"purchasable","13":"product-type-simple"},"_links":{"self":[{"href":"https:\/\/actionmall.act.at\/shop\/47\/wp-json\/wp\/v2\/product\/450"}],"collection":[{"href":"https:\/\/actionmall.act.at\/shop\/47\/wp-json\/wp\/v2\/product"}],"about":[{"href":"https:\/\/actionmall.act.at\/shop\/47\/wp-json\/wp\/v2\/types\/product"}],"wp:featuredmedia":[{"embeddable":true,"href":"https:\/\/actionmall.act.at\/shop\/47\/wp-json\/wp\/v2\/media\/451"}],"wp:attachment":[{"href":"https:\/\/actionmall.act.at\/shop\/47\/wp-json\/wp\/v2\/media?parent=450"}],"wp:term":[{"taxonomy":"product_cat","embeddable":true,"href":"https:\/\/actionmall.act.at\/shop\/47\/wp-json\/wp\/v2\/product_cat?post=450"},{"taxonomy":"product_tag","embeddable":true,"href":"https:\/\/actionmall.act.at\/shop\/47\/wp-json\/wp\/v2\/product_tag?post=450"}],"curies":[{"name":"wp","href":"https:\/\/api.w.org\/{rel}","templated":true}]}}