{"id":279,"date":"2024-11-25T14:12:06","date_gmt":"2024-11-25T13:12:06","guid":{"rendered":"https:\/\/actionmall.act.at\/shop\/471\/?post_type=product&#038;p=279"},"modified":"2024-11-25T14:12:16","modified_gmt":"2024-11-25T13:12:16","slug":"wandtresor-wall-e","status":"publish","type":"product","link":"https:\/\/actionmall.act.at\/shop\/471\/en\/produkt\/wandtresor-wall-e\/","title":{"rendered":"Wandtresor \u201eWall-E\u201c"},"content":{"rendered":"<p><strong><em>T\u00fcranschlag:<br \/>\n<\/em><\/strong><em>rechts serienm\u00e4\u00dfig<br \/>\n<\/em><em>links m\u00f6glich ohne Aufpreis<\/em><\/p>\n<p><strong><em>Beschlag:<br \/>\n<\/em><\/strong><em>versenkt, b\u00fcndig mit T\u00fcrblatt<\/em><\/p>\n<p><strong><em>Lackierung:<br \/>\n<\/em><\/strong><em>lichtgrau<\/em><\/p>\n<p><strong><em>Verschluss:<br \/>\n<\/em><\/strong><em>Doppelbartsicherheitsschloss mit 2 Schl\u00fcsseln<br \/>\n<\/em><em>(Zahlenkombinationsschloss oder elektronisches<br \/>\n<\/em><em>Tastenschloss gegen Aufpreis lieferbar)<\/em><\/p>\n<p><strong><em>T\u00fcr:<br \/>\n<\/em><\/strong><em>3-wandig, mit vierseitiger Verriegelung durch<br \/>\n<\/em><em>Schlie\u00dfbolzen, T\u00fcrblatt besteht aus 12 mm starkem massiven Stahl<\/em><\/p>\n","protected":false},"excerpt":{"rendered":"<p>T\u00fcranschlag: rechts serienm\u00e4\u00dfig links m\u00f6glich ohne Aufpreis Beschlag: versenkt, b\u00fcndig mit T\u00fcrblatt Lackierung: lichtgrau Verschluss: Doppelbartsicherheitsschloss mit 2 Schl\u00fcsseln (Zahlenkombinationsschloss oder elektronisches Tastenschloss gegen Aufpreis lieferbar) T\u00fcr: 3-wandig, mit vierseitiger Verriegelung durch Schlie\u00dfbolzen, T\u00fcrblatt besteht aus 12 mm starkem massiven Stahl<\/p>\n","protected":false},"featured_media":280,"template":"","meta":[],"product_cat":[],"product_tag":[],"class_list":{"0":"post-279","1":"product","2":"type-product","3":"status-publish","4":"has-post-thumbnail","7":"first","8":"instock","9":"taxable","10":"shipping-taxable","11":"purchasable","12":"product-type-simple"},"_links":{"self":[{"href":"https:\/\/actionmall.act.at\/shop\/471\/en\/wp-json\/wp\/v2\/product\/279"}],"collection":[{"href":"https:\/\/actionmall.act.at\/shop\/471\/en\/wp-json\/wp\/v2\/product"}],"about":[{"href":"https:\/\/actionmall.act.at\/shop\/471\/en\/wp-json\/wp\/v2\/types\/product"}],"wp:featuredmedia":[{"embeddable":true,"href":"https:\/\/actionmall.act.at\/shop\/471\/en\/wp-json\/wp\/v2\/media\/280"}],"wp:attachment":[{"href":"https:\/\/actionmall.act.at\/shop\/471\/en\/wp-json\/wp\/v2\/media?parent=279"}],"wp:term":[{"taxonomy":"product_cat","embeddable":true,"href":"https:\/\/actionmall.act.at\/shop\/471\/en\/wp-json\/wp\/v2\/product_cat?post=279"},{"taxonomy":"product_tag","embeddable":true,"href":"https:\/\/actionmall.act.at\/shop\/471\/en\/wp-json\/wp\/v2\/product_tag?post=279"}],"curies":[{"name":"wp","href":"https:\/\/api.w.org\/{rel}","templated":true}]}}