{"id":292,"date":"2024-11-25T14:37:43","date_gmt":"2024-11-25T13:37:43","guid":{"rendered":"https:\/\/actionmall.act.at\/shop\/471\/?post_type=product&#038;p=292"},"modified":"2024-11-25T14:37:43","modified_gmt":"2024-11-25T13:37:43","slug":"safe-dokumententresor-close","status":"publish","type":"product","link":"https:\/\/actionmall.act.at\/shop\/471\/en\/produkt\/safe-dokumententresor-close\/","title":{"rendered":"Safe \u2013 Dokumententresor \u201eClose\u201c"},"content":{"rendered":"<p><em>Der bombensichere Tresor der Serie \u201eSafe\u201c gew\u00e4hrt euren Dokumenten die h\u00f6chste Sicherheit.<br \/>\n<\/em><em>Der Dokumententresor ist ideal f\u00fcr Firmen und Beh\u00f6rden um gr\u00f6\u00dfere Aktenmengen feuersicher unterzubringen. Selbstverst\u00e4ndlich ist ein Dokumententresor auch f\u00fcr private Zwecke nutzbar, sollte man Zuhause eine gr\u00f6\u00dfere Menge an Unterlagen oder andere temperaturempfindliche Gegenst\u00e4nde sicher aufbewahren wollen.<\/em><\/p>\n","protected":false},"excerpt":{"rendered":"<p><em>Der bombensichere Tresor der Serie \u201eSafe\u201c gew\u00e4hrt euren Dokumenten die h\u00f6chste Sicherheit.<\/em><\/p>\n","protected":false},"featured_media":294,"template":"","meta":[],"product_cat":[],"product_tag":[],"class_list":{"0":"post-292","1":"product","2":"type-product","3":"status-publish","4":"has-post-thumbnail","7":"first","8":"instock","9":"taxable","10":"shipping-taxable","11":"purchasable","12":"product-type-simple"},"_links":{"self":[{"href":"https:\/\/actionmall.act.at\/shop\/471\/en\/wp-json\/wp\/v2\/product\/292"}],"collection":[{"href":"https:\/\/actionmall.act.at\/shop\/471\/en\/wp-json\/wp\/v2\/product"}],"about":[{"href":"https:\/\/actionmall.act.at\/shop\/471\/en\/wp-json\/wp\/v2\/types\/product"}],"wp:featuredmedia":[{"embeddable":true,"href":"https:\/\/actionmall.act.at\/shop\/471\/en\/wp-json\/wp\/v2\/media\/294"}],"wp:attachment":[{"href":"https:\/\/actionmall.act.at\/shop\/471\/en\/wp-json\/wp\/v2\/media?parent=292"}],"wp:term":[{"taxonomy":"product_cat","embeddable":true,"href":"https:\/\/actionmall.act.at\/shop\/471\/en\/wp-json\/wp\/v2\/product_cat?post=292"},{"taxonomy":"product_tag","embeddable":true,"href":"https:\/\/actionmall.act.at\/shop\/471\/en\/wp-json\/wp\/v2\/product_tag?post=292"}],"curies":[{"name":"wp","href":"https:\/\/api.w.org\/{rel}","templated":true}]}}