{"id":296,"date":"2024-11-25T14:50:25","date_gmt":"2024-11-25T13:50:25","guid":{"rendered":"https:\/\/actionmall.act.at\/shop\/471\/?post_type=product&#038;p=296"},"modified":"2024-11-25T14:50:25","modified_gmt":"2024-11-25T13:50:25","slug":"dazer-hundeabwehrgeraet-wolfgang","status":"publish","type":"product","link":"https:\/\/actionmall.act.at\/shop\/471\/en\/produkt\/dazer-hundeabwehrgeraet-wolfgang\/","title":{"rendered":"Dazer Hundeabwehrger\u00e4t \u201eWolfgang&#8221;"},"content":{"rendered":"<p>Jetzt gibt es ein neues Produkt, das nur f\u00fcr Hunde h\u00f6rbare, unangenehme Schallwellen aussendet und Ihnen hilft zwischen sich und das Tier einen Sicherheitsabstand zu bringen. Das Produkt ist f\u00fcr alle Personen geeignet, die entweder Angst vor Hunden haben oder ungest\u00f6rt bleiben wollen, wie zum Beispiel Jogger, Fahrradfahrer, \u00e4ltere Personen, Brieftr\u00e4ger etc.<\/p>\n","protected":false},"excerpt":{"rendered":"<p>Dieses unfassbare Ger\u00e4t stellt sicher, dass der Sicherheitsabstand zwischen Ihnen und einem Hund immer gew\u00e4hrt ist.<\/p>\n","protected":false},"featured_media":297,"template":"","meta":[],"product_cat":[],"product_tag":[],"class_list":{"0":"post-296","1":"product","2":"type-product","3":"status-publish","4":"has-post-thumbnail","7":"first","8":"instock","9":"taxable","10":"shipping-taxable","11":"purchasable","12":"product-type-simple"},"_links":{"self":[{"href":"https:\/\/actionmall.act.at\/shop\/471\/en\/wp-json\/wp\/v2\/product\/296"}],"collection":[{"href":"https:\/\/actionmall.act.at\/shop\/471\/en\/wp-json\/wp\/v2\/product"}],"about":[{"href":"https:\/\/actionmall.act.at\/shop\/471\/en\/wp-json\/wp\/v2\/types\/product"}],"wp:featuredmedia":[{"embeddable":true,"href":"https:\/\/actionmall.act.at\/shop\/471\/en\/wp-json\/wp\/v2\/media\/297"}],"wp:attachment":[{"href":"https:\/\/actionmall.act.at\/shop\/471\/en\/wp-json\/wp\/v2\/media?parent=296"}],"wp:term":[{"taxonomy":"product_cat","embeddable":true,"href":"https:\/\/actionmall.act.at\/shop\/471\/en\/wp-json\/wp\/v2\/product_cat?post=296"},{"taxonomy":"product_tag","embeddable":true,"href":"https:\/\/actionmall.act.at\/shop\/471\/en\/wp-json\/wp\/v2\/product_tag?post=296"}],"curies":[{"name":"wp","href":"https:\/\/api.w.org\/{rel}","templated":true}]}}