{"id":299,"date":"2024-11-25T14:53:27","date_gmt":"2024-11-25T13:53:27","guid":{"rendered":"https:\/\/actionmall.act.at\/shop\/471\/?post_type=product&#038;p=299"},"modified":"2025-02-24T13:35:26","modified_gmt":"2025-02-24T12:35:26","slug":"protex-abc-feuerloescher-pulvi","status":"publish","type":"product","link":"https:\/\/actionmall.act.at\/shop\/471\/en\/produkt\/protex-abc-feuerloescher-pulvi\/","title":{"rendered":"Protex ABC Feuerl\u00f6scher \u201ePulvi&#8221;"},"content":{"rendered":"<p><em>Egal ob Holz, Stoff, Papier, Plastik, Frit\u00f6senfett, Benzin, Diesel, Kurzschl\u00fcsse etc.-unsere Feuerl\u00f6scher l\u00f6schen jeden Brand!<\/em><\/p>\n<p><em>\u00a0<\/em><em>Leichte und schnelle Anwendung:<\/em><\/p>\n<p><em>*Bei Bedarf nur Sicherungsstift ziehen und Hebel dr\u00fccken<br \/>\n<\/em><em>*mit Manometer<br \/>\n<\/em><em>*H\u00f6he ca. 50 cm<br \/>\n<\/em><em>*mit Metallhalterung zur Wandbefestigung<br \/>\n<\/em><em>*Pr\u00fcf- und nachf\u00fcllbar durch alle GLORIA Verkaufs- und Kundendienststellen<br \/>\n<\/em><em>*Inhalt 6Kg ABC Pulver<\/em><\/p>\n","protected":false},"excerpt":{"rendered":"<p><em>Egal ob Holz, Stoff, Papier, Plastik, Frit\u00f6senfett, Benzin, Diesel, Kurzschl\u00fcsse etc.-unsere Feuerl\u00f6scher l\u00f6schen jeden Brand!<\/em><\/p>\n","protected":false},"featured_media":303,"template":"","meta":[],"product_cat":[],"product_tag":[],"class_list":{"0":"post-299","1":"product","2":"type-product","3":"status-publish","4":"has-post-thumbnail","7":"first","8":"instock","9":"taxable","10":"shipping-taxable","11":"purchasable","12":"product-type-simple"},"_links":{"self":[{"href":"https:\/\/actionmall.act.at\/shop\/471\/en\/wp-json\/wp\/v2\/product\/299"}],"collection":[{"href":"https:\/\/actionmall.act.at\/shop\/471\/en\/wp-json\/wp\/v2\/product"}],"about":[{"href":"https:\/\/actionmall.act.at\/shop\/471\/en\/wp-json\/wp\/v2\/types\/product"}],"wp:featuredmedia":[{"embeddable":true,"href":"https:\/\/actionmall.act.at\/shop\/471\/en\/wp-json\/wp\/v2\/media\/303"}],"wp:attachment":[{"href":"https:\/\/actionmall.act.at\/shop\/471\/en\/wp-json\/wp\/v2\/media?parent=299"}],"wp:term":[{"taxonomy":"product_cat","embeddable":true,"href":"https:\/\/actionmall.act.at\/shop\/471\/en\/wp-json\/wp\/v2\/product_cat?post=299"},{"taxonomy":"product_tag","embeddable":true,"href":"https:\/\/actionmall.act.at\/shop\/471\/en\/wp-json\/wp\/v2\/product_tag?post=299"}],"curies":[{"name":"wp","href":"https:\/\/api.w.org\/{rel}","templated":true}]}}