{"id":343,"date":"2026-01-17T08:45:47","date_gmt":"2026-01-17T07:45:47","guid":{"rendered":"https:\/\/actionmall.act.at\/shop\/471\/?post_type=product&#038;p=343"},"modified":"2026-01-19T07:47:02","modified_gmt":"2026-01-19T06:47:02","slug":"anfaengerkurs-2","status":"publish","type":"product","link":"https:\/\/actionmall.act.at\/shop\/471\/en\/produkt\/anfaengerkurs-2\/","title":{"rendered":"Anf\u00e4ngerkurs &#8211; Sonderangebot Tag der offenen T\u00fcr"},"content":{"rendered":"<p>In unserem Selbstverteidigungskurs f\u00fcr Frauen bieten wir Ihnen verschiedene Trainingseinheiten an.<\/p>\n<p>Damit ein Kurs zustande kommt, werden mindestens 6 Teilnehmerinnen pro Kurs ben\u00f6tigt.<\/p>\n<p>&nbsp;<\/p>\n","protected":false},"excerpt":{"rendered":"<p>Der perfekte Kurs, um die Grundlagen der Selbstverteidigung zu erlernen!<\/p>\n","protected":false},"featured_media":286,"template":"","meta":[],"product_cat":[],"product_tag":[],"class_list":{"0":"post-343","1":"product","2":"type-product","3":"status-publish","4":"has-post-thumbnail","7":"first","8":"instock","9":"taxable","10":"shipping-taxable","11":"purchasable","12":"product-type-simple"},"_links":{"self":[{"href":"https:\/\/actionmall.act.at\/shop\/471\/en\/wp-json\/wp\/v2\/product\/343"}],"collection":[{"href":"https:\/\/actionmall.act.at\/shop\/471\/en\/wp-json\/wp\/v2\/product"}],"about":[{"href":"https:\/\/actionmall.act.at\/shop\/471\/en\/wp-json\/wp\/v2\/types\/product"}],"wp:featuredmedia":[{"embeddable":true,"href":"https:\/\/actionmall.act.at\/shop\/471\/en\/wp-json\/wp\/v2\/media\/286"}],"wp:attachment":[{"href":"https:\/\/actionmall.act.at\/shop\/471\/en\/wp-json\/wp\/v2\/media?parent=343"}],"wp:term":[{"taxonomy":"product_cat","embeddable":true,"href":"https:\/\/actionmall.act.at\/shop\/471\/en\/wp-json\/wp\/v2\/product_cat?post=343"},{"taxonomy":"product_tag","embeddable":true,"href":"https:\/\/actionmall.act.at\/shop\/471\/en\/wp-json\/wp\/v2\/product_tag?post=343"}],"curies":[{"name":"wp","href":"https:\/\/api.w.org\/{rel}","templated":true}]}}