{"id":259,"date":"2024-11-18T13:43:20","date_gmt":"2024-11-18T12:43:20","guid":{"rendered":"https:\/\/actionmall.act.at\/shop\/471\/?post_type=product&#038;p=259"},"modified":"2024-11-25T12:25:34","modified_gmt":"2024-11-25T11:25:34","slug":"ueberwachungsset-hugo","status":"publish","type":"product","link":"https:\/\/actionmall.act.at\/shop\/471\/produkt\/ueberwachungsset-hugo\/","title":{"rendered":"\u00dcberwachungsset &#8222;Hugo&#8220;"},"content":{"rendered":"<p>Optimal aufeinander abgestimmtes \u00dcberwachungs-Set in Color-Ausf\u00fchrung.<br \/>\nDank der wetterfesten Kameras sowohl f\u00fcr den Innen- als auch den Au\u00dfenbereich geeignet.<\/p>\n<p><strong><em>Set bestehend aus:<\/em><\/strong><\/p>\n<p>* <em>14\u2033-Color-Monitor<br \/>\n<\/em>* <em>Sichtbare Bilddiagonale 34 cm<br \/>\n<\/em>*\u00a0 <em>Netzanschluss 230 V.<br \/>\n<\/em>*\u00a0 <em>4 St\u00fcck Color-\u00dcberwachungskamera<\/em><em>\u00a0<\/em><\/p>\n<p><em>Wetterfeste Ausf\u00fchrung<\/em><\/p>\n<p><em>*F\u00fcr den Au\u00dfenbereich geeignet<br \/>\n<\/em><em>*Digital-Technik, Min. Lichtst\u00e4rke<br \/>\n<\/em><em>*1 Lux. Video-Umschalter<br \/>\n<\/em><em>*Color-Ausf\u00fchrung, 4 Kameraeing\u00e4nge<br \/>\n<\/em><em>*Quad-Funktion<br \/>\n<\/em><em>*serielles Durchschalten der Kamera-Signale<br \/>\n<\/em><em>*Ausgang f\u00fcr Videorecorder<br \/>\n<\/em><em>*Time-Lapse Videorecorder WJ 209<br \/>\n<\/em><em>*Aufnahmezeit in Stufen w\u00e4hlbar von 2 bis 960 h<br \/>\n<\/em><em>*Hohe Bildqualit\u00e4t, 5 St\u00fcck Stecker-Netzteile<br \/>\n<\/em><em>*zur Stromversorgung der Kameras und<br \/>\n<\/em><em>des Video-Umschalters<\/em><\/p>\n","protected":false},"excerpt":{"rendered":"<p>Optimal aufeinander abgestimmtes \u00dcberwachungs-Set in Color-Ausf\u00fchrung.<\/p>\n<p>Dank der wetterfesten Kameras sowohl f\u00fcr den Innen- als auch den Au\u00dfenbereich geeignet.<\/p>\n","protected":false},"featured_media":261,"template":"","meta":[],"product_cat":[],"product_tag":[],"class_list":{"0":"post-259","1":"product","2":"type-product","3":"status-publish","4":"has-post-thumbnail","7":"first","8":"instock","9":"taxable","10":"shipping-taxable","11":"purchasable","12":"product-type-simple"},"_links":{"self":[{"href":"https:\/\/actionmall.act.at\/shop\/471\/wp-json\/wp\/v2\/product\/259"}],"collection":[{"href":"https:\/\/actionmall.act.at\/shop\/471\/wp-json\/wp\/v2\/product"}],"about":[{"href":"https:\/\/actionmall.act.at\/shop\/471\/wp-json\/wp\/v2\/types\/product"}],"wp:featuredmedia":[{"embeddable":true,"href":"https:\/\/actionmall.act.at\/shop\/471\/wp-json\/wp\/v2\/media\/261"}],"wp:attachment":[{"href":"https:\/\/actionmall.act.at\/shop\/471\/wp-json\/wp\/v2\/media?parent=259"}],"wp:term":[{"taxonomy":"product_cat","embeddable":true,"href":"https:\/\/actionmall.act.at\/shop\/471\/wp-json\/wp\/v2\/product_cat?post=259"},{"taxonomy":"product_tag","embeddable":true,"href":"https:\/\/actionmall.act.at\/shop\/471\/wp-json\/wp\/v2\/product_tag?post=259"}],"curies":[{"name":"wp","href":"https:\/\/api.w.org\/{rel}","templated":true}]}}