{"id":290,"date":"2024-11-25T14:38:57","date_gmt":"2024-11-25T13:38:57","guid":{"rendered":"https:\/\/actionmall.act.at\/shop\/471\/?post_type=product&#038;p=290"},"modified":"2024-11-25T14:38:57","modified_gmt":"2024-11-25T13:38:57","slug":"autofeuerloescher-karsten","status":"publish","type":"product","link":"https:\/\/actionmall.act.at\/shop\/471\/produkt\/autofeuerloescher-karsten\/","title":{"rendered":"Autofeuerl\u00f6scher \u201eKarsten\u201c"},"content":{"rendered":"<p><em>Egal ob Holz, Stoff, Papier, Plastik, Frit\u00f6senfett, Benzin, Diesel, Kurzschl\u00fcsse etc.-unsere Feuerl\u00f6scher l\u00f6schen jeden Brand!<\/em><\/p>\n<p><em>Leichte und schnelle Anwendung:<\/em><\/p>\n<p><em> Bei Bedarf nur Sicherungsstift ziehen und Hebel dr\u00fccken<\/em><\/p>\n<p><em>mit Manometer<\/em><\/p>\n<p><em>H\u00f6he ca. 50 cm<\/em><\/p>\n<p><em>mit Metallhalterung zur Wandbefestigung<\/em><\/p>\n<p><em>Pr\u00fcf- und nachf\u00fcllbar durch alle GLORIA Verkaufs- und Kundendienststellen<\/em><\/p>\n<p><em>Inhalt 6Kg ABC Pulver<\/em><\/p>\n","protected":false},"excerpt":{"rendered":"<p>Ein Autofeuerl\u00f6scher der f\u00fcr Feuernotf\u00e4lle immer eine L\u00f6sung findet<\/p>\n","protected":false},"featured_media":293,"template":"","meta":[],"product_cat":[],"product_tag":[],"class_list":{"0":"post-290","1":"product","2":"type-product","3":"status-publish","4":"has-post-thumbnail","7":"first","8":"instock","9":"taxable","10":"shipping-taxable","11":"purchasable","12":"product-type-simple"},"_links":{"self":[{"href":"https:\/\/actionmall.act.at\/shop\/471\/wp-json\/wp\/v2\/product\/290"}],"collection":[{"href":"https:\/\/actionmall.act.at\/shop\/471\/wp-json\/wp\/v2\/product"}],"about":[{"href":"https:\/\/actionmall.act.at\/shop\/471\/wp-json\/wp\/v2\/types\/product"}],"wp:featuredmedia":[{"embeddable":true,"href":"https:\/\/actionmall.act.at\/shop\/471\/wp-json\/wp\/v2\/media\/293"}],"wp:attachment":[{"href":"https:\/\/actionmall.act.at\/shop\/471\/wp-json\/wp\/v2\/media?parent=290"}],"wp:term":[{"taxonomy":"product_cat","embeddable":true,"href":"https:\/\/actionmall.act.at\/shop\/471\/wp-json\/wp\/v2\/product_cat?post=290"},{"taxonomy":"product_tag","embeddable":true,"href":"https:\/\/actionmall.act.at\/shop\/471\/wp-json\/wp\/v2\/product_tag?post=290"}],"curies":[{"name":"wp","href":"https:\/\/api.w.org\/{rel}","templated":true}]}}