{"id":405,"date":"2026-02-25T09:31:36","date_gmt":"2026-02-25T08:31:36","guid":{"rendered":"https:\/\/actionmall.act.at\/shop\/475\/?post_type=product&#038;p=405"},"modified":"2026-02-25T09:36:00","modified_gmt":"2026-02-25T08:36:00","slug":"tischtennis-bundle","status":"publish","type":"product","link":"https:\/\/actionmall.act.at\/shop\/475\/en\/produkt\/tischtennis-bundle\/","title":{"rendered":"Tischtennis-Bundle"},"content":{"rendered":"<div>\n<p>Das Tischtennis-Bundle FBS-Edition ist Ihr ideales Komplett-Set f\u00fcr Freizeit und Bewegung. Dank des ausziehbaren Universalnetzes verwandeln Sie nahezu jeden Tisch im Handumdrehen in eine Spielfl\u00e4che. Die hochwertigen Schl\u00e4ger und robusten B\u00e4lle sorgen f\u00fcr langanhaltenden Spielspa\u00df \u2013 ob Zuhause, im Garten oder im Park. Die praktische Transporttasche erm\u00f6glicht Ihnen einen einfachen und flexiblen Einsatz \u00fcberall.<\/p>\n<\/div>\n<div>\n<p>F\u00fcr Privatkunden:<\/p>\n<\/div>\n<ul>\n<li>Sofort spielbereit<\/li>\n<li>Einfacher Aufbau<\/li>\n<li>F\u00fcr Zuhause, Park oder Urlaub<\/li>\n<li>Praktische Transporttasche<\/li>\n<li>Freizeitspa\u00df f\u00fcr jedes Alter<\/li>\n<\/ul>\n<div>\n<p>F\u00fcr Gesch\u00e4ftskunden:<\/p>\n<\/div>\n<ul>\n<li>Ideal f\u00fcr Schulen, Vereine, Hotels und Firmen<\/li>\n<li>F\u00f6rdert Teamgeist und Bewegung<\/li>\n<li>Platzsparend &#038; flexibel einsetzbar<\/li>\n<li>Robuste Qualit\u00e4t f\u00fcr h\u00e4ufige Nutzung<\/li>\n<li>Auch in gr\u00f6\u00dferen Mengen erh\u00e4ltlich<\/li>\n<\/ul>\n","protected":false},"excerpt":{"rendered":"<p>Das Tischtennis-Bundle FBS-Edition ist Ihr ideales Komplett-Set f\u00fcr Freizeit und Bewegung. Dank des ausziehbaren Universalnetzes verwandeln Sie nahezu jeden Tisch im Handumdrehen in eine Spielfl\u00e4che. Die hochwertigen Schl\u00e4ger und robusten B\u00e4lle sorgen f\u00fcr langanhaltenden Spielspa\u00df \u2013 ob Zuhause, im Garten oder im Park. Die praktische Transporttasche erm\u00f6glicht Ihnen einen einfachen und flexiblen Einsatz \u00fcberall. F\u00fcr [&hellip;]<\/p>\n","protected":false},"featured_media":406,"template":"","meta":[],"product_cat":[45],"product_tag":[],"class_list":{"0":"post-405","1":"product","2":"type-product","3":"status-publish","4":"has-post-thumbnail","6":"product_cat-sport-veranstaltungen-hobbies","8":"first","9":"instock","10":"taxable","11":"shipping-taxable","12":"purchasable","13":"product-type-simple"},"_links":{"self":[{"href":"https:\/\/actionmall.act.at\/shop\/475\/en\/wp-json\/wp\/v2\/product\/405"}],"collection":[{"href":"https:\/\/actionmall.act.at\/shop\/475\/en\/wp-json\/wp\/v2\/product"}],"about":[{"href":"https:\/\/actionmall.act.at\/shop\/475\/en\/wp-json\/wp\/v2\/types\/product"}],"wp:featuredmedia":[{"embeddable":true,"href":"https:\/\/actionmall.act.at\/shop\/475\/en\/wp-json\/wp\/v2\/media\/406"}],"wp:attachment":[{"href":"https:\/\/actionmall.act.at\/shop\/475\/en\/wp-json\/wp\/v2\/media?parent=405"}],"wp:term":[{"taxonomy":"product_cat","embeddable":true,"href":"https:\/\/actionmall.act.at\/shop\/475\/en\/wp-json\/wp\/v2\/product_cat?post=405"},{"taxonomy":"product_tag","embeddable":true,"href":"https:\/\/actionmall.act.at\/shop\/475\/en\/wp-json\/wp\/v2\/product_tag?post=405"}],"curies":[{"name":"wp","href":"https:\/\/api.w.org\/{rel}","templated":true}]}}