{"id":407,"date":"2026-02-25T09:34:43","date_gmt":"2026-02-25T08:34:43","guid":{"rendered":"https:\/\/actionmall.act.at\/shop\/475\/?post_type=product&#038;p=407"},"modified":"2026-02-25T10:06:16","modified_gmt":"2026-02-25T09:06:16","slug":"yoga-kurs","status":"publish","type":"product","link":"https:\/\/actionmall.act.at\/shop\/475\/en\/produkt\/yoga-kurs\/","title":{"rendered":"Yoga Kurs"},"content":{"rendered":"<div>\n<p>Der w\u00f6chentliche Yoga-Kurs (30\u201360 Minuten) wird direkt in Ihrem Unternehmen durchgef\u00fchrt und l\u00e4sst sich ohne gro\u00dfen Zeitaufwand in den Arbeitsalltag integrieren. Bereits kurze Einheiten f\u00f6rdern Fokus, Mobilit\u00e4t und Entspannung nachhaltig. Anfahrtszeiten entfallen, die Teilnahme ist f\u00fcr alle Fitnesslevel geeignet.<\/p>\n<\/div>\n<div>\n<p>Vorteile:<\/p>\n<\/div>\n<ul>\n<li>Integration in den Arbeitsalltag<\/li>\n<li>Steigerung von Konzentration und Produktivit\u00e4t<\/li>\n<li>Pr\u00e4ventive Reduktion von Ausfallzeiten<\/li>\n<li>F\u00f6rderung der betrieblichen Gesundheitsf\u00f6rderung (BGF)<\/li>\n<li>St\u00e4rkung von Teamgef\u00fchl und Unternehmenskultur<\/li>\n<\/ul>\n<div>\n<p>Yoga-Kurs inkl. Trainer (2 Monate)<\/p>\n<\/div>\n<div>\n<p>&nbsp;<\/p>\n<\/div>\n","protected":false},"excerpt":{"rendered":"<p>Der w\u00f6chentliche Yoga-Kurs (30\u201360 Minuten) wird direkt in Ihrem Unternehmen durchgef\u00fchrt und l\u00e4sst sich ohne gro\u00dfen Zeitaufwand in den Arbeitsalltag integrieren. Bereits kurze Einheiten f\u00f6rdern Fokus, Mobilit\u00e4t und Entspannung nachhaltig. Anfahrtszeiten entfallen, die Teilnahme ist f\u00fcr alle Fitnesslevel geeignet. Vorteile: Integration in den Arbeitsalltag Steigerung von Konzentration und Produktivit\u00e4t Pr\u00e4ventive Reduktion von Ausfallzeiten F\u00f6rderung der [&hellip;]<\/p>\n","protected":false},"featured_media":408,"template":"","meta":[],"product_cat":[34,61],"product_tag":[],"class_list":{"0":"post-407","1":"product","2":"type-product","3":"status-publish","4":"has-post-thumbnail","6":"product_cat-autos-und-fahrzeuge","7":"product_cat-dienstleistungen-und-oeffentliche-versorgung","9":"first","10":"instock","11":"taxable","12":"shipping-taxable","13":"purchasable","14":"product-type-simple"},"_links":{"self":[{"href":"https:\/\/actionmall.act.at\/shop\/475\/en\/wp-json\/wp\/v2\/product\/407"}],"collection":[{"href":"https:\/\/actionmall.act.at\/shop\/475\/en\/wp-json\/wp\/v2\/product"}],"about":[{"href":"https:\/\/actionmall.act.at\/shop\/475\/en\/wp-json\/wp\/v2\/types\/product"}],"wp:featuredmedia":[{"embeddable":true,"href":"https:\/\/actionmall.act.at\/shop\/475\/en\/wp-json\/wp\/v2\/media\/408"}],"wp:attachment":[{"href":"https:\/\/actionmall.act.at\/shop\/475\/en\/wp-json\/wp\/v2\/media?parent=407"}],"wp:term":[{"taxonomy":"product_cat","embeddable":true,"href":"https:\/\/actionmall.act.at\/shop\/475\/en\/wp-json\/wp\/v2\/product_cat?post=407"},{"taxonomy":"product_tag","embeddable":true,"href":"https:\/\/actionmall.act.at\/shop\/475\/en\/wp-json\/wp\/v2\/product_tag?post=407"}],"curies":[{"name":"wp","href":"https:\/\/api.w.org\/{rel}","templated":true}]}}