{"id":403,"date":"2026-02-25T09:27:24","date_gmt":"2026-02-25T08:27:24","guid":{"rendered":"https:\/\/actionmall.act.at\/shop\/475\/?post_type=product&#038;p=403"},"modified":"2026-04-15T09:37:13","modified_gmt":"2026-04-15T07:37:13","slug":"yoga-bundle","status":"publish","type":"product","link":"https:\/\/actionmall.act.at\/shop\/475\/produkt\/yoga-bundle\/","title":{"rendered":"Yoga &#8211; Bundle"},"content":{"rendered":"<p>Alles, was Sie f\u00fcr Ihre Yoga-Routine ben\u00f6tigen<\/p>\n<div>\n<div>\n<p>Das Yoga-Bundle ist Ihr ideales Komplett-Set f\u00fcr Training, Entspannung und mehr Balance im Alltag. Die rutschfeste Yogamatte sorgt f\u00fcr sicheren Halt, w\u00e4hrend Korkbl\u00f6cke und Yoga-Gurt Sie bei Dehnungen und anspruchsvolleren Positionen optimal unterst\u00fctzen. Trinkflasche und Tragetasche machen das Set perfekt f\u00fcr Zuhause, das Studio oder unterwegs<\/p>\n<\/div>\n<div>\n<p>Vorteile:<\/p>\n<\/div>\n<ul>\n<li>Komplettes Yoga-Set in hochwertiger Qualit\u00e4t<\/li>\n<li>F\u00fcr Anf\u00e4nger und Fortgeschrittene geeignet<\/li>\n<li>F\u00f6rdert Flexibilit\u00e4t, Kraft und Entspannung<\/li>\n<li>Praktisch und flexibel einsetzbar<\/li>\n<\/ul>\n<\/div>\n","protected":false},"excerpt":{"rendered":"<p>Alles, was Sie f\u00fcr Ihre Yoga-Routine ben\u00f6tigen Das Yoga-Bundle ist Ihr ideales Komplett-Set f\u00fcr Training, Entspannung und mehr Balance im Alltag. Die rutschfeste Yogamatte sorgt f\u00fcr sicheren Halt, w\u00e4hrend Korkbl\u00f6cke und Yoga-Gurt Sie bei Dehnungen und anspruchsvolleren Positionen optimal unterst\u00fctzen. Trinkflasche und Tragetasche machen das Set perfekt f\u00fcr Zuhause, das Studio oder unterwegs Vorteile: Komplettes [&hellip;]<\/p>\n","protected":false},"featured_media":404,"template":"","meta":[],"product_cat":[45],"product_tag":[],"class_list":{"0":"post-403","1":"product","2":"type-product","3":"status-publish","4":"has-post-thumbnail","6":"product_cat-sport-veranstaltungen-hobbies","8":"first","9":"instock","10":"taxable","11":"shipping-taxable","12":"purchasable","13":"product-type-simple"},"_links":{"self":[{"href":"https:\/\/actionmall.act.at\/shop\/475\/wp-json\/wp\/v2\/product\/403"}],"collection":[{"href":"https:\/\/actionmall.act.at\/shop\/475\/wp-json\/wp\/v2\/product"}],"about":[{"href":"https:\/\/actionmall.act.at\/shop\/475\/wp-json\/wp\/v2\/types\/product"}],"wp:featuredmedia":[{"embeddable":true,"href":"https:\/\/actionmall.act.at\/shop\/475\/wp-json\/wp\/v2\/media\/404"}],"wp:attachment":[{"href":"https:\/\/actionmall.act.at\/shop\/475\/wp-json\/wp\/v2\/media?parent=403"}],"wp:term":[{"taxonomy":"product_cat","embeddable":true,"href":"https:\/\/actionmall.act.at\/shop\/475\/wp-json\/wp\/v2\/product_cat?post=403"},{"taxonomy":"product_tag","embeddable":true,"href":"https:\/\/actionmall.act.at\/shop\/475\/wp-json\/wp\/v2\/product_tag?post=403"}],"curies":[{"name":"wp","href":"https:\/\/api.w.org\/{rel}","templated":true}]}}