{"id":278,"date":"2025-12-12T12:57:46","date_gmt":"2025-12-12T11:57:46","guid":{"rendered":"https:\/\/actionmall.act.at\/shop\/534\/?post_type=product&#038;p=278"},"modified":"2025-12-16T12:44:20","modified_gmt":"2025-12-16T11:44:20","slug":"sportschuhe-herren","status":"publish","type":"product","link":"https:\/\/actionmall.act.at\/shop\/534\/en\/produkt\/sportschuhe-herren\/","title":{"rendered":"Sportschuhe Herren"},"content":{"rendered":"<p>Diese modernen Herren-Sportschuhe bieten dir maximalen Tragekomfort und optimale Performance bei jedem Schritt. Die leichte Sohle sorgt f\u00fcr perfekte D\u00e4mpfung, w\u00e4hrend das atmungsaktive Obermaterial f\u00fcr ein angenehmes Fu\u00dfklima sorgt. Ideal f\u00fcr Training, Laufen oder den Alltag \u2013 sportlich, flexibel und stilvoll<\/p>\n","protected":false},"excerpt":{"rendered":"<p>Diese modernen Herren-Sportschuhe bieten dir maximalen Tragekomfort und optimale Performance bei jedem Schritt. Die leichte Sohle sorgt f\u00fcr perfekte D\u00e4mpfung, w\u00e4hrend das atmungsaktive Obermaterial f\u00fcr ein angenehmes Fu\u00dfklima sorgt. Ideal f\u00fcr Training, Laufen oder den Alltag \u2013 sportlich, flexibel und stilvoll<\/p>\n","protected":false},"featured_media":267,"template":"","meta":[],"product_cat":[],"product_tag":[],"class_list":{"0":"post-278","1":"product","2":"type-product","3":"status-publish","4":"has-post-thumbnail","7":"first","8":"instock","9":"taxable","10":"shipping-taxable","11":"purchasable","12":"product-type-simple"},"_links":{"self":[{"href":"https:\/\/actionmall.act.at\/shop\/534\/en\/wp-json\/wp\/v2\/product\/278"}],"collection":[{"href":"https:\/\/actionmall.act.at\/shop\/534\/en\/wp-json\/wp\/v2\/product"}],"about":[{"href":"https:\/\/actionmall.act.at\/shop\/534\/en\/wp-json\/wp\/v2\/types\/product"}],"wp:featuredmedia":[{"embeddable":true,"href":"https:\/\/actionmall.act.at\/shop\/534\/en\/wp-json\/wp\/v2\/media\/267"}],"wp:attachment":[{"href":"https:\/\/actionmall.act.at\/shop\/534\/en\/wp-json\/wp\/v2\/media?parent=278"}],"wp:term":[{"taxonomy":"product_cat","embeddable":true,"href":"https:\/\/actionmall.act.at\/shop\/534\/en\/wp-json\/wp\/v2\/product_cat?post=278"},{"taxonomy":"product_tag","embeddable":true,"href":"https:\/\/actionmall.act.at\/shop\/534\/en\/wp-json\/wp\/v2\/product_tag?post=278"}],"curies":[{"name":"wp","href":"https:\/\/api.w.org\/{rel}","templated":true}]}}