{"id":287,"date":"2025-12-16T11:15:36","date_gmt":"2025-12-16T10:15:36","guid":{"rendered":"https:\/\/actionmall.act.at\/shop\/534\/?post_type=product&#038;p=287"},"modified":"2026-01-20T11:39:00","modified_gmt":"2026-01-20T10:39:00","slug":"trainingsschuhe-unisex","status":"publish","type":"product","link":"https:\/\/actionmall.act.at\/shop\/534\/en\/produkt\/trainingsschuhe-unisex\/","title":{"rendered":"Trainingsschuhe unisex"},"content":{"rendered":"<p>&nbsp;<\/p>\n<p>Unsere vielseitigen Unisex-Trainingsschuhe bieten Ihnen optimalen Halt, hohen Tragekomfort und maximale Flexibilit\u00e4t \u2013 bei jedem Training. Das atmungsaktive Obermaterial sorgt f\u00fcr ein angenehmes Fu\u00dfklima, w\u00e4hrend die rutschfeste Sohle sicheren Grip auf unterschiedlichen Untergr\u00fcnden garantiert. Die leichte D\u00e4mpfung schont Gelenke und unterst\u00fctzt ein nat\u00fcrliches Laufgef\u00fchl.<\/p>\n","protected":false},"excerpt":{"rendered":"<p>&nbsp; Unsere vielseitigen Unisex-Trainingsschuhe bieten Ihnen optimalen Halt, hohen Tragekomfort und maximale Flexibilit\u00e4t \u2013 bei jedem Training. Das atmungsaktive Obermaterial sorgt f\u00fcr ein angenehmes Fu\u00dfklima, w\u00e4hrend die rutschfeste Sohle sicheren Grip auf unterschiedlichen Untergr\u00fcnden garantiert. Die leichte D\u00e4mpfung schont Gelenke und unterst\u00fctzt ein nat\u00fcrliches Laufgef\u00fchl.<\/p>\n","protected":false},"featured_media":273,"template":"","meta":[],"product_cat":[],"product_tag":[],"class_list":{"0":"post-287","1":"product","2":"type-product","3":"status-publish","4":"has-post-thumbnail","7":"first","8":"instock","9":"taxable","10":"shipping-taxable","11":"purchasable","12":"product-type-simple"},"_links":{"self":[{"href":"https:\/\/actionmall.act.at\/shop\/534\/en\/wp-json\/wp\/v2\/product\/287"}],"collection":[{"href":"https:\/\/actionmall.act.at\/shop\/534\/en\/wp-json\/wp\/v2\/product"}],"about":[{"href":"https:\/\/actionmall.act.at\/shop\/534\/en\/wp-json\/wp\/v2\/types\/product"}],"wp:featuredmedia":[{"embeddable":true,"href":"https:\/\/actionmall.act.at\/shop\/534\/en\/wp-json\/wp\/v2\/media\/273"}],"wp:attachment":[{"href":"https:\/\/actionmall.act.at\/shop\/534\/en\/wp-json\/wp\/v2\/media?parent=287"}],"wp:term":[{"taxonomy":"product_cat","embeddable":true,"href":"https:\/\/actionmall.act.at\/shop\/534\/en\/wp-json\/wp\/v2\/product_cat?post=287"},{"taxonomy":"product_tag","embeddable":true,"href":"https:\/\/actionmall.act.at\/shop\/534\/en\/wp-json\/wp\/v2\/product_tag?post=287"}],"curies":[{"name":"wp","href":"https:\/\/api.w.org\/{rel}","templated":true}]}}