{"id":288,"date":"2025-12-16T11:42:14","date_gmt":"2025-12-16T10:42:14","guid":{"rendered":"https:\/\/actionmall.act.at\/shop\/534\/?post_type=product&#038;p=288"},"modified":"2026-01-20T11:38:46","modified_gmt":"2026-01-20T10:38:46","slug":"hoodie","status":"publish","type":"product","link":"https:\/\/actionmall.act.at\/shop\/534\/en\/produkt\/hoodie\/","title":{"rendered":"Hoodie"},"content":{"rendered":"<p>Unser gem\u00fctlicher Hoodie vereint sportlichen Stil mit hohem Tragekomfort. Das weiche, pflegeleichte Material h\u00e4lt angenehm warm und eignet sich ideal f\u00fcr Freizeit, Sport oder entspannte Stunden zu Hause. Die praktische Kapuze mit Kordelzug sowie die K\u00e4ngurutasche sorgen f\u00fcr zus\u00e4tzlichen Komfort und Funktionalit\u00e4t.<\/p>\n","protected":false},"excerpt":{"rendered":"<p>Unser gem\u00fctlicher Hoodie vereint sportlichen Stil mit hohem Tragekomfort. Das weiche, pflegeleichte Material h\u00e4lt angenehm warm und eignet sich ideal f\u00fcr Freizeit, Sport oder entspannte Stunden zu Hause. Die praktische Kapuze mit Kordelzug sowie die K\u00e4ngurutasche sorgen f\u00fcr zus\u00e4tzlichen Komfort und Funktionalit\u00e4t.<\/p>\n","protected":false},"featured_media":289,"template":"","meta":[],"product_cat":[],"product_tag":[],"class_list":{"0":"post-288","1":"product","2":"type-product","3":"status-publish","4":"has-post-thumbnail","7":"first","8":"instock","9":"taxable","10":"shipping-taxable","11":"purchasable","12":"product-type-simple"},"_links":{"self":[{"href":"https:\/\/actionmall.act.at\/shop\/534\/en\/wp-json\/wp\/v2\/product\/288"}],"collection":[{"href":"https:\/\/actionmall.act.at\/shop\/534\/en\/wp-json\/wp\/v2\/product"}],"about":[{"href":"https:\/\/actionmall.act.at\/shop\/534\/en\/wp-json\/wp\/v2\/types\/product"}],"wp:featuredmedia":[{"embeddable":true,"href":"https:\/\/actionmall.act.at\/shop\/534\/en\/wp-json\/wp\/v2\/media\/289"}],"wp:attachment":[{"href":"https:\/\/actionmall.act.at\/shop\/534\/en\/wp-json\/wp\/v2\/media?parent=288"}],"wp:term":[{"taxonomy":"product_cat","embeddable":true,"href":"https:\/\/actionmall.act.at\/shop\/534\/en\/wp-json\/wp\/v2\/product_cat?post=288"},{"taxonomy":"product_tag","embeddable":true,"href":"https:\/\/actionmall.act.at\/shop\/534\/en\/wp-json\/wp\/v2\/product_tag?post=288"}],"curies":[{"name":"wp","href":"https:\/\/api.w.org\/{rel}","templated":true}]}}