{"id":280,"date":"2025-12-12T13:14:23","date_gmt":"2025-12-12T12:14:23","guid":{"rendered":"https:\/\/actionmall.act.at\/shop\/534\/?post_type=product&#038;p=280"},"modified":"2026-01-20T11:39:12","modified_gmt":"2026-01-20T10:39:12","slug":"proteinpulver-inkl-shaker","status":"publish","type":"product","link":"https:\/\/actionmall.act.at\/shop\/534\/produkt\/proteinpulver-inkl-shaker\/","title":{"rendered":"Proteinpulver inkl. Shaker"},"content":{"rendered":"<p>Hol dir das Beste f\u00fcr deine Fitnessziele: Unser hochwertiges <strong>PowerProtein<\/strong> liefert dir pro Portion reines Eiwei\u00df zur Unterst\u00fctzung von Muskelaufbau und -erhalt. Ideal nach dem Training oder als proteinreicher Snack \u2013 mit cremiger Konsistenz und leckerem Geschmack.<\/p>\n","protected":false},"excerpt":{"rendered":"<p>Hol dir das Beste f\u00fcr deine Fitnessziele: Unser hochwertiges PowerProtein liefert dir pro Portion reines Eiwei\u00df zur Unterst\u00fctzung von Muskelaufbau und -erhalt. Ideal nach dem Training oder als proteinreicher Snack \u2013 mit cremiger Konsistenz und leckerem Geschmack.<\/p>\n","protected":false},"featured_media":261,"template":"","meta":[],"product_cat":[],"product_tag":[],"class_list":{"0":"post-280","1":"product","2":"type-product","3":"status-publish","4":"has-post-thumbnail","7":"first","8":"instock","9":"taxable","10":"shipping-taxable","11":"purchasable","12":"product-type-simple"},"_links":{"self":[{"href":"https:\/\/actionmall.act.at\/shop\/534\/wp-json\/wp\/v2\/product\/280"}],"collection":[{"href":"https:\/\/actionmall.act.at\/shop\/534\/wp-json\/wp\/v2\/product"}],"about":[{"href":"https:\/\/actionmall.act.at\/shop\/534\/wp-json\/wp\/v2\/types\/product"}],"wp:featuredmedia":[{"embeddable":true,"href":"https:\/\/actionmall.act.at\/shop\/534\/wp-json\/wp\/v2\/media\/261"}],"wp:attachment":[{"href":"https:\/\/actionmall.act.at\/shop\/534\/wp-json\/wp\/v2\/media?parent=280"}],"wp:term":[{"taxonomy":"product_cat","embeddable":true,"href":"https:\/\/actionmall.act.at\/shop\/534\/wp-json\/wp\/v2\/product_cat?post=280"},{"taxonomy":"product_tag","embeddable":true,"href":"https:\/\/actionmall.act.at\/shop\/534\/wp-json\/wp\/v2\/product_tag?post=280"}],"curies":[{"name":"wp","href":"https:\/\/api.w.org\/{rel}","templated":true}]}}