{"id":290,"date":"2025-12-16T11:47:25","date_gmt":"2025-12-16T10:47:25","guid":{"rendered":"https:\/\/actionmall.act.at\/shop\/534\/?post_type=product&#038;p=290"},"modified":"2026-01-20T11:36:56","modified_gmt":"2026-01-20T10:36:56","slug":"sportflasche","status":"publish","type":"product","link":"https:\/\/actionmall.act.at\/shop\/534\/produkt\/sportflasche\/","title":{"rendered":"Sportflasche"},"content":{"rendered":"<p><strong>Sportflasche aus leichtem Material<\/strong><\/p>\n<p>Die wiederverwendbare Sportflasche ist BPA frei und auslaufsicher f\u00fcr den t\u00e4glichen Gebrauch. Sie ist perfekt zum Mitnehmen \u2013 f\u00fcr ausreichend Fl\u00fcssigkeit bei allen sportlichen Aktivit\u00e4ten und unterwegs.<\/p>\n","protected":false},"excerpt":{"rendered":"<p>Sportflasche aus leichtem Material Die wiederverwendbare Sportflasche ist BPA frei und auslaufsicher f\u00fcr den t\u00e4glichen Gebrauch. Sie ist perfekt zum Mitnehmen \u2013 f\u00fcr ausreichend Fl\u00fcssigkeit bei allen sportlichen Aktivit\u00e4ten und unterwegs.<\/p>\n","protected":false},"featured_media":291,"template":"","meta":[],"product_cat":[],"product_tag":[],"class_list":{"0":"post-290","1":"product","2":"type-product","3":"status-publish","4":"has-post-thumbnail","7":"first","8":"instock","9":"taxable","10":"shipping-taxable","11":"purchasable","12":"product-type-simple"},"_links":{"self":[{"href":"https:\/\/actionmall.act.at\/shop\/534\/wp-json\/wp\/v2\/product\/290"}],"collection":[{"href":"https:\/\/actionmall.act.at\/shop\/534\/wp-json\/wp\/v2\/product"}],"about":[{"href":"https:\/\/actionmall.act.at\/shop\/534\/wp-json\/wp\/v2\/types\/product"}],"wp:featuredmedia":[{"embeddable":true,"href":"https:\/\/actionmall.act.at\/shop\/534\/wp-json\/wp\/v2\/media\/291"}],"wp:attachment":[{"href":"https:\/\/actionmall.act.at\/shop\/534\/wp-json\/wp\/v2\/media?parent=290"}],"wp:term":[{"taxonomy":"product_cat","embeddable":true,"href":"https:\/\/actionmall.act.at\/shop\/534\/wp-json\/wp\/v2\/product_cat?post=290"},{"taxonomy":"product_tag","embeddable":true,"href":"https:\/\/actionmall.act.at\/shop\/534\/wp-json\/wp\/v2\/product_tag?post=290"}],"curies":[{"name":"wp","href":"https:\/\/api.w.org\/{rel}","templated":true}]}}