{"id":258,"date":"2026-04-22T12:55:46","date_gmt":"2026-04-22T10:55:46","guid":{"rendered":"https:\/\/actionmall.act.at\/shop\/572\/?post_type=product&#038;p=258"},"modified":"2026-04-22T12:55:46","modified_gmt":"2026-04-22T10:55:46","slug":"bueroreinigung","status":"publish","type":"product","link":"https:\/\/actionmall.act.at\/shop\/572\/produkt\/bueroreinigung\/","title":{"rendered":"B\u00fcroreinigung"},"content":{"rendered":"<p>Gr\u00fcndliche Reinigung von B\u00fcror\u00e4umen f\u00fcr ein sauberes Arbeitsumfeld.<\/p>\n<p>Preis basiert auf dem Zeitaufwand pro Stunde.<\/p>\n","protected":false},"excerpt":{"rendered":"<p>Gr\u00fcndliche Reinigung von B\u00fcror\u00e4umen f\u00fcr ein sauberes Arbeitsumfeld. Preis basiert auf dem Zeitaufwand pro Stunde.<\/p>\n","protected":false},"featured_media":259,"template":"","meta":[],"product_cat":[61],"product_tag":[],"class_list":{"0":"post-258","1":"product","2":"type-product","3":"status-publish","4":"has-post-thumbnail","6":"product_cat-dienstleistungen-und-oeffentliche-versorgung","8":"first","9":"instock","10":"taxable","11":"shipping-taxable","12":"purchasable","13":"product-type-simple"},"_links":{"self":[{"href":"https:\/\/actionmall.act.at\/shop\/572\/wp-json\/wp\/v2\/product\/258"}],"collection":[{"href":"https:\/\/actionmall.act.at\/shop\/572\/wp-json\/wp\/v2\/product"}],"about":[{"href":"https:\/\/actionmall.act.at\/shop\/572\/wp-json\/wp\/v2\/types\/product"}],"wp:featuredmedia":[{"embeddable":true,"href":"https:\/\/actionmall.act.at\/shop\/572\/wp-json\/wp\/v2\/media\/259"}],"wp:attachment":[{"href":"https:\/\/actionmall.act.at\/shop\/572\/wp-json\/wp\/v2\/media?parent=258"}],"wp:term":[{"taxonomy":"product_cat","embeddable":true,"href":"https:\/\/actionmall.act.at\/shop\/572\/wp-json\/wp\/v2\/product_cat?post=258"},{"taxonomy":"product_tag","embeddable":true,"href":"https:\/\/actionmall.act.at\/shop\/572\/wp-json\/wp\/v2\/product_tag?post=258"}],"curies":[{"name":"wp","href":"https:\/\/api.w.org\/{rel}","templated":true}]}}