{"id":265,"date":"2026-04-22T13:05:36","date_gmt":"2026-04-22T11:05:36","guid":{"rendered":"https:\/\/actionmall.act.at\/shop\/572\/?post_type=product&#038;p=265"},"modified":"2026-04-22T13:05:36","modified_gmt":"2026-04-22T11:05:36","slug":"technik-reinigung","status":"publish","type":"product","link":"https:\/\/actionmall.act.at\/shop\/572\/produkt\/technik-reinigung\/","title":{"rendered":"Technik-Reinigung"},"content":{"rendered":"<p>Sorgf\u00e4ltige Reinigung von technischen Ger\u00e4ten und Anlagen.<\/p>\n<p>Preis pro gereinigtem Ger\u00e4t.<\/p>\n","protected":false},"excerpt":{"rendered":"<p>Sorgf\u00e4ltige Reinigung von technischen Ger\u00e4ten und Anlagen. Preis pro gereinigtem Ger\u00e4t.<\/p>\n","protected":false},"featured_media":266,"template":"","meta":[],"product_cat":[61],"product_tag":[],"class_list":{"0":"post-265","1":"product","2":"type-product","3":"status-publish","4":"has-post-thumbnail","6":"product_cat-dienstleistungen-und-oeffentliche-versorgung","8":"first","9":"instock","10":"taxable","11":"shipping-taxable","12":"purchasable","13":"product-type-simple"},"_links":{"self":[{"href":"https:\/\/actionmall.act.at\/shop\/572\/wp-json\/wp\/v2\/product\/265"}],"collection":[{"href":"https:\/\/actionmall.act.at\/shop\/572\/wp-json\/wp\/v2\/product"}],"about":[{"href":"https:\/\/actionmall.act.at\/shop\/572\/wp-json\/wp\/v2\/types\/product"}],"wp:featuredmedia":[{"embeddable":true,"href":"https:\/\/actionmall.act.at\/shop\/572\/wp-json\/wp\/v2\/media\/266"}],"wp:attachment":[{"href":"https:\/\/actionmall.act.at\/shop\/572\/wp-json\/wp\/v2\/media?parent=265"}],"wp:term":[{"taxonomy":"product_cat","embeddable":true,"href":"https:\/\/actionmall.act.at\/shop\/572\/wp-json\/wp\/v2\/product_cat?post=265"},{"taxonomy":"product_tag","embeddable":true,"href":"https:\/\/actionmall.act.at\/shop\/572\/wp-json\/wp\/v2\/product_tag?post=265"}],"curies":[{"name":"wp","href":"https:\/\/api.w.org\/{rel}","templated":true}]}}