{"id":267,"date":"2026-04-22T13:07:53","date_gmt":"2026-04-22T11:07:53","guid":{"rendered":"https:\/\/actionmall.act.at\/shop\/572\/?post_type=product&#038;p=267"},"modified":"2026-04-22T13:07:54","modified_gmt":"2026-04-22T11:07:54","slug":"wand-und-bodenreinigung","status":"publish","type":"product","link":"https:\/\/actionmall.act.at\/shop\/572\/produkt\/wand-und-bodenreinigung\/","title":{"rendered":"Wand- und Bodenreinigung"},"content":{"rendered":"<p>Effektive Reinigung von W\u00e4nden und B\u00f6den aller Art.<\/p>\n<p>Abrechnung nach Fl\u00e4che in m\u00b2.<\/p>\n","protected":false},"excerpt":{"rendered":"<p>Effektive Reinigung von W\u00e4nden und B\u00f6den aller Art. Abrechnung nach Fl\u00e4che in m\u00b2.<\/p>\n","protected":false},"featured_media":268,"template":"","meta":[],"product_cat":[61],"product_tag":[],"class_list":{"0":"post-267","1":"product","2":"type-product","3":"status-publish","4":"has-post-thumbnail","6":"product_cat-dienstleistungen-und-oeffentliche-versorgung","8":"first","9":"instock","10":"taxable","11":"shipping-taxable","12":"purchasable","13":"product-type-simple"},"_links":{"self":[{"href":"https:\/\/actionmall.act.at\/shop\/572\/wp-json\/wp\/v2\/product\/267"}],"collection":[{"href":"https:\/\/actionmall.act.at\/shop\/572\/wp-json\/wp\/v2\/product"}],"about":[{"href":"https:\/\/actionmall.act.at\/shop\/572\/wp-json\/wp\/v2\/types\/product"}],"wp:featuredmedia":[{"embeddable":true,"href":"https:\/\/actionmall.act.at\/shop\/572\/wp-json\/wp\/v2\/media\/268"}],"wp:attachment":[{"href":"https:\/\/actionmall.act.at\/shop\/572\/wp-json\/wp\/v2\/media?parent=267"}],"wp:term":[{"taxonomy":"product_cat","embeddable":true,"href":"https:\/\/actionmall.act.at\/shop\/572\/wp-json\/wp\/v2\/product_cat?post=267"},{"taxonomy":"product_tag","embeddable":true,"href":"https:\/\/actionmall.act.at\/shop\/572\/wp-json\/wp\/v2\/product_tag?post=267"}],"curies":[{"name":"wp","href":"https:\/\/api.w.org\/{rel}","templated":true}]}}