{"id":252,"date":"2025-02-14T08:13:00","date_gmt":"2025-02-14T07:13:00","guid":{"rendered":"https:\/\/actionmall.act.at\/shop\/586\/?post_type=product&#038;p=252"},"modified":"2025-04-04T09:24:37","modified_gmt":"2025-04-04T07:24:37","slug":"badezimmer-elegant","status":"publish","type":"product","link":"https:\/\/actionmall.act.at\/shop\/586\/produkt\/badezimmer-elegant\/","title":{"rendered":"Badezimmer &#8222;Elegant&#8220;"},"content":{"rendered":"<p>Simples Badezimmer f\u00fcr Wohnungen jeder Gr\u00f6\u00dfe.<\/p>\n<p>Badezimmer:<\/p>\n<p>Badewanne<\/p>\n<p>Toilette mit Wandhalterung f\u00fcr Seifen, Handt\u00fccher, etc (siehe Bild)<\/p>\n<p>Teppich<\/p>\n<p>Lampe in den Farben wei\u00df, beige oder eierschale<\/p>\n<p>Tischchen<\/p>\n<p>Handt\u00fccher und Pflanzen nicht inbegriffen.<\/p>\n<p>Lieferung und Montage inbegriffen.<\/p>\n","protected":false},"excerpt":{"rendered":"<table width=\"167\">\n<tbody>\n<tr>\n<td width=\"167\">Badezimmer &#8222;Elegant&#8220;<\/td>\n<\/tr>\n<\/tbody>\n<\/table>\n","protected":false},"featured_media":306,"template":"","meta":[],"product_cat":[],"product_tag":[],"class_list":{"0":"post-252","1":"product","2":"type-product","3":"status-publish","4":"has-post-thumbnail","7":"first","8":"instock","9":"taxable","10":"shipping-taxable","11":"purchasable","12":"product-type-simple"},"_links":{"self":[{"href":"https:\/\/actionmall.act.at\/shop\/586\/wp-json\/wp\/v2\/product\/252"}],"collection":[{"href":"https:\/\/actionmall.act.at\/shop\/586\/wp-json\/wp\/v2\/product"}],"about":[{"href":"https:\/\/actionmall.act.at\/shop\/586\/wp-json\/wp\/v2\/types\/product"}],"wp:featuredmedia":[{"embeddable":true,"href":"https:\/\/actionmall.act.at\/shop\/586\/wp-json\/wp\/v2\/media\/306"}],"wp:attachment":[{"href":"https:\/\/actionmall.act.at\/shop\/586\/wp-json\/wp\/v2\/media?parent=252"}],"wp:term":[{"taxonomy":"product_cat","embeddable":true,"href":"https:\/\/actionmall.act.at\/shop\/586\/wp-json\/wp\/v2\/product_cat?post=252"},{"taxonomy":"product_tag","embeddable":true,"href":"https:\/\/actionmall.act.at\/shop\/586\/wp-json\/wp\/v2\/product_tag?post=252"}],"curies":[{"name":"wp","href":"https:\/\/api.w.org\/{rel}","templated":true}]}}