{"id":568,"date":"2025-03-07T08:35:20","date_gmt":"2025-03-07T07:35:20","guid":{"rendered":"https:\/\/actionmall.act.at\/shop\/586\/?post_type=product&#038;p=568"},"modified":"2025-03-07T09:33:16","modified_gmt":"2025-03-07T08:33:16","slug":"kachelofen-jasmin","status":"publish","type":"product","link":"https:\/\/actionmall.act.at\/shop\/586\/produkt\/kachelofen-jasmin\/","title":{"rendered":"Kachelofen &#8222;Jasmin&#8220;"},"content":{"rendered":"<p>Gr\u00f6\u00dfe: 1,5m \u00d8<\/p>\n","protected":false},"excerpt":{"rendered":"<p>Kachelofen &#8222;Jasmin&#8220;<\/p>\n","protected":false},"featured_media":454,"template":"","meta":[],"product_cat":[],"product_tag":[],"class_list":{"0":"post-568","1":"product","2":"type-product","3":"status-publish","4":"has-post-thumbnail","7":"first","8":"instock","9":"taxable","10":"shipping-taxable","11":"purchasable","12":"product-type-simple"},"_links":{"self":[{"href":"https:\/\/actionmall.act.at\/shop\/586\/wp-json\/wp\/v2\/product\/568"}],"collection":[{"href":"https:\/\/actionmall.act.at\/shop\/586\/wp-json\/wp\/v2\/product"}],"about":[{"href":"https:\/\/actionmall.act.at\/shop\/586\/wp-json\/wp\/v2\/types\/product"}],"wp:featuredmedia":[{"embeddable":true,"href":"https:\/\/actionmall.act.at\/shop\/586\/wp-json\/wp\/v2\/media\/454"}],"wp:attachment":[{"href":"https:\/\/actionmall.act.at\/shop\/586\/wp-json\/wp\/v2\/media?parent=568"}],"wp:term":[{"taxonomy":"product_cat","embeddable":true,"href":"https:\/\/actionmall.act.at\/shop\/586\/wp-json\/wp\/v2\/product_cat?post=568"},{"taxonomy":"product_tag","embeddable":true,"href":"https:\/\/actionmall.act.at\/shop\/586\/wp-json\/wp\/v2\/product_tag?post=568"}],"curies":[{"name":"wp","href":"https:\/\/api.w.org\/{rel}","templated":true}]}}