{"id":569,"date":"2025-03-07T08:39:22","date_gmt":"2025-03-07T07:39:22","guid":{"rendered":"https:\/\/actionmall.act.at\/shop\/586\/?post_type=product&#038;p=569"},"modified":"2025-03-07T09:33:03","modified_gmt":"2025-03-07T08:33:03","slug":"badewanne-osterspass","status":"publish","type":"product","link":"https:\/\/actionmall.act.at\/shop\/586\/produkt\/badewanne-osterspass\/","title":{"rendered":"Badewanne &#8222;Osterspa\u00df&#8220;"},"content":{"rendered":"<p>Gr\u00f6\u00dfe: 200x100x70 cm<\/p>\n","protected":false},"excerpt":{"rendered":"<p>Badewanne &#8222;Osterspa\u00df&#8220;<\/p>\n","protected":false},"featured_media":288,"template":"","meta":[],"product_cat":[],"product_tag":[],"class_list":{"0":"post-569","1":"product","2":"type-product","3":"status-publish","4":"has-post-thumbnail","7":"first","8":"instock","9":"taxable","10":"shipping-taxable","11":"purchasable","12":"product-type-simple"},"_links":{"self":[{"href":"https:\/\/actionmall.act.at\/shop\/586\/wp-json\/wp\/v2\/product\/569"}],"collection":[{"href":"https:\/\/actionmall.act.at\/shop\/586\/wp-json\/wp\/v2\/product"}],"about":[{"href":"https:\/\/actionmall.act.at\/shop\/586\/wp-json\/wp\/v2\/types\/product"}],"wp:featuredmedia":[{"embeddable":true,"href":"https:\/\/actionmall.act.at\/shop\/586\/wp-json\/wp\/v2\/media\/288"}],"wp:attachment":[{"href":"https:\/\/actionmall.act.at\/shop\/586\/wp-json\/wp\/v2\/media?parent=569"}],"wp:term":[{"taxonomy":"product_cat","embeddable":true,"href":"https:\/\/actionmall.act.at\/shop\/586\/wp-json\/wp\/v2\/product_cat?post=569"},{"taxonomy":"product_tag","embeddable":true,"href":"https:\/\/actionmall.act.at\/shop\/586\/wp-json\/wp\/v2\/product_tag?post=569"}],"curies":[{"name":"wp","href":"https:\/\/api.w.org\/{rel}","templated":true}]}}