{"id":575,"date":"2025-03-07T09:01:29","date_gmt":"2025-03-07T08:01:29","guid":{"rendered":"https:\/\/actionmall.act.at\/shop\/586\/?post_type=product&#038;p=575"},"modified":"2025-03-07T09:32:22","modified_gmt":"2025-03-07T08:32:22","slug":"infrarotkabine-medea","status":"publish","type":"product","link":"https:\/\/actionmall.act.at\/shop\/586\/produkt\/infrarotkabine-medea\/","title":{"rendered":"Infrarotkabine &#8222;Medea&#8220;"},"content":{"rendered":"<p>Sitzpl\u00e4tze f\u00fcr 2 Personen Ma\u00dfe: B 160 x T 215 x H 225 cm Leistung: 3.500 Watt Material: MDF-Platte, deckend lackiert<\/p>\n","protected":false},"excerpt":{"rendered":"<p>Infrarotkabine &#8222;Medea&#8220;<\/p>\n","protected":false},"featured_media":466,"template":"","meta":[],"product_cat":[],"product_tag":[],"class_list":{"0":"post-575","1":"product","2":"type-product","3":"status-publish","4":"has-post-thumbnail","7":"first","8":"instock","9":"taxable","10":"shipping-taxable","11":"purchasable","12":"product-type-simple"},"_links":{"self":[{"href":"https:\/\/actionmall.act.at\/shop\/586\/wp-json\/wp\/v2\/product\/575"}],"collection":[{"href":"https:\/\/actionmall.act.at\/shop\/586\/wp-json\/wp\/v2\/product"}],"about":[{"href":"https:\/\/actionmall.act.at\/shop\/586\/wp-json\/wp\/v2\/types\/product"}],"wp:featuredmedia":[{"embeddable":true,"href":"https:\/\/actionmall.act.at\/shop\/586\/wp-json\/wp\/v2\/media\/466"}],"wp:attachment":[{"href":"https:\/\/actionmall.act.at\/shop\/586\/wp-json\/wp\/v2\/media?parent=575"}],"wp:term":[{"taxonomy":"product_cat","embeddable":true,"href":"https:\/\/actionmall.act.at\/shop\/586\/wp-json\/wp\/v2\/product_cat?post=575"},{"taxonomy":"product_tag","embeddable":true,"href":"https:\/\/actionmall.act.at\/shop\/586\/wp-json\/wp\/v2\/product_tag?post=575"}],"curies":[{"name":"wp","href":"https:\/\/api.w.org\/{rel}","templated":true}]}}