{"id":331,"date":"2025-12-10T17:02:45","date_gmt":"2025-12-10T16:02:45","guid":{"rendered":"https:\/\/actionmall.act.at\/shop\/593\/?post_type=product&#038;p=331"},"modified":"2026-01-20T15:02:57","modified_gmt":"2026-01-20T14:02:57","slug":"mybrand-powerbank-10-stueck","status":"publish","type":"product","link":"https:\/\/actionmall.act.at\/shop\/593\/en\/produkt\/mybrand-powerbank-10-stueck\/","title":{"rendered":"MyBrand Powerbank (10 St\u00fcck)"},"content":{"rendered":"<p><strong>ADART \u2013 10\u00d7 personalisierte Powerbanks<\/strong><\/p>\n<p>F\u00fcr Events, Promotion oder kleine Projekte:<\/p>\n<p>Du bekommst <strong>10 individuell bedruckte Powerbanks<\/strong>, die n\u00fctzlich, stylisch und langlebig sind. So bleibt dein Logo immer pr\u00e4sent \u2013 unterwegs und im Alltag.<\/p>\n<p><strong>Details:<\/strong><\/p>\n<p>10\u00d7 Powerbanks mit eigenem Logo \/ Motiv<\/p>\n<p>Kompakt, leistungsstark &#038; zuverl\u00e4ssig<\/p>\n<p>Perfekt f\u00fcr Firmen, Messen, Vereinsaktionen &#038; Merch<\/p>\n<p>Hoher Nutzwert = hohe Sichtbarkeit deiner Marke<\/p>\n<p><strong>ADART \u2013 dein Logo, immer voll geladen.<\/strong><\/p>\n","protected":false},"excerpt":{"rendered":"<p>ADART \u2013 10\u00d7 personalisierte Powerbanks F\u00fcr Events, Promotion oder kleine Projekte: Du bekommst 10 individuell bedruckte Powerbanks, die n\u00fctzlich, stylisch und langlebig sind. So bleibt dein Logo immer pr\u00e4sent \u2013 unterwegs und im Alltag. Details: 10\u00d7 Powerbanks mit eigenem Logo \/ Motiv Kompakt, leistungsstark &#038; zuverl\u00e4ssig Perfekt f\u00fcr Firmen, Messen, Vereinsaktionen &#038; Merch Hoher Nutzwert [&hellip;]<\/p>\n","protected":false},"featured_media":334,"template":"","meta":[],"product_cat":[],"product_tag":[],"class_list":{"0":"post-331","1":"product","2":"type-product","3":"status-publish","4":"has-post-thumbnail","7":"first","8":"instock","9":"taxable","10":"shipping-taxable","11":"purchasable","12":"product-type-simple"},"_links":{"self":[{"href":"https:\/\/actionmall.act.at\/shop\/593\/en\/wp-json\/wp\/v2\/product\/331"}],"collection":[{"href":"https:\/\/actionmall.act.at\/shop\/593\/en\/wp-json\/wp\/v2\/product"}],"about":[{"href":"https:\/\/actionmall.act.at\/shop\/593\/en\/wp-json\/wp\/v2\/types\/product"}],"wp:featuredmedia":[{"embeddable":true,"href":"https:\/\/actionmall.act.at\/shop\/593\/en\/wp-json\/wp\/v2\/media\/334"}],"wp:attachment":[{"href":"https:\/\/actionmall.act.at\/shop\/593\/en\/wp-json\/wp\/v2\/media?parent=331"}],"wp:term":[{"taxonomy":"product_cat","embeddable":true,"href":"https:\/\/actionmall.act.at\/shop\/593\/en\/wp-json\/wp\/v2\/product_cat?post=331"},{"taxonomy":"product_tag","embeddable":true,"href":"https:\/\/actionmall.act.at\/shop\/593\/en\/wp-json\/wp\/v2\/product_tag?post=331"}],"curies":[{"name":"wp","href":"https:\/\/api.w.org\/{rel}","templated":true}]}}