{"id":341,"date":"2026-01-20T14:54:11","date_gmt":"2026-01-20T13:54:11","guid":{"rendered":"https:\/\/actionmall.act.at\/shop\/593\/?post_type=product&#038;p=341"},"modified":"2026-01-27T23:02:29","modified_gmt":"2026-01-27T22:02:29","slug":"mybrand-pullover-10-stueck-2","status":"publish","type":"product","link":"https:\/\/actionmall.act.at\/shop\/593\/en\/produkt\/mybrand-pullover-10-stueck-2\/","title":{"rendered":"MyBrand Pullover"},"content":{"rendered":"<p><strong>ADART \u2013 personalisierte Pullover<\/strong><\/p>\n<p>F\u00fcr Teams, Events, Firmen oder Merch:<\/p>\n<p>Du erh\u00e4ltst einen <strong>individuell gestalteten Pullover<\/strong>, hochwertig, bequem und auff\u00e4llig \u2013 ideal f\u00fcr Promotion, Vereinsaktionen oder Merchandise.<\/p>\n<p><strong>Details:<\/strong><\/p>\n<p>Pullover mit deinem Logo \/ Wunschmotiv<\/p>\n<p>Hochwertiges Material &#038; langlebiger Druck\/Stick<\/p>\n<p>Perfekt f\u00fcr Firmen, Schule, Vereine, Teams &#038; Merch<\/p>\n<p>Praktisch, stylisch &#038; aufmerksamkeitsstark<\/p>\n<p><strong>ADART \u2013 deine Marke, sichtbar &#038; tragbar.<\/strong><\/p>\n","protected":false},"excerpt":{"rendered":"<p>ADART \u2013 personalisierte Pullover F\u00fcr Teams, Events, Firmen oder Merch: Du erh\u00e4ltst einen individuell gestalteten Pullover, hochwertig, bequem und auff\u00e4llig \u2013 ideal f\u00fcr Promotion, Vereinsaktionen oder Merchandise. Details: Pullover mit deinem Logo \/ Wunschmotiv Hochwertiges Material &#038; langlebiger Druck\/Stick Perfekt f\u00fcr Firmen, Schule, Vereine, Teams &#038; Merch Praktisch, stylisch &#038; aufmerksamkeitsstark ADART \u2013 deine Marke, [&hellip;]<\/p>\n","protected":false},"featured_media":335,"template":"","meta":[],"product_cat":[],"product_tag":[],"class_list":{"0":"post-341","1":"product","2":"type-product","3":"status-publish","4":"has-post-thumbnail","7":"first","8":"instock","9":"taxable","10":"shipping-taxable","11":"purchasable","12":"product-type-simple"},"_links":{"self":[{"href":"https:\/\/actionmall.act.at\/shop\/593\/en\/wp-json\/wp\/v2\/product\/341"}],"collection":[{"href":"https:\/\/actionmall.act.at\/shop\/593\/en\/wp-json\/wp\/v2\/product"}],"about":[{"href":"https:\/\/actionmall.act.at\/shop\/593\/en\/wp-json\/wp\/v2\/types\/product"}],"wp:featuredmedia":[{"embeddable":true,"href":"https:\/\/actionmall.act.at\/shop\/593\/en\/wp-json\/wp\/v2\/media\/335"}],"wp:attachment":[{"href":"https:\/\/actionmall.act.at\/shop\/593\/en\/wp-json\/wp\/v2\/media?parent=341"}],"wp:term":[{"taxonomy":"product_cat","embeddable":true,"href":"https:\/\/actionmall.act.at\/shop\/593\/en\/wp-json\/wp\/v2\/product_cat?post=341"},{"taxonomy":"product_tag","embeddable":true,"href":"https:\/\/actionmall.act.at\/shop\/593\/en\/wp-json\/wp\/v2\/product_tag?post=341"}],"curies":[{"name":"wp","href":"https:\/\/api.w.org\/{rel}","templated":true}]}}