{"id":278,"date":"2025-12-03T16:06:26","date_gmt":"2025-12-03T15:06:26","guid":{"rendered":"https:\/\/actionmall.act.at\/shop\/593\/?post_type=product&#038;p=278"},"modified":"2026-01-20T15:15:14","modified_gmt":"2026-01-20T14:15:14","slug":"mybrand-usb-sticks","status":"publish","type":"product","link":"https:\/\/actionmall.act.at\/shop\/593\/produkt\/mybrand-usb-sticks\/","title":{"rendered":"MyBrand USB- Sticks"},"content":{"rendered":"<p>Unsere USB-Sticks sind zuverl\u00e4ssig, praktisch und individuell gestaltbar. Ideal zur sicheren Speicherung und \u00dcbertragung von Daten. Das Logo kann frei gew\u00e4hlt werden \u2013 perfekt f\u00fcr Firmen oder Schulprojekte<\/p>\n","protected":false},"excerpt":{"rendered":"<p>Unsere USB-Sticks sind zuverl\u00e4ssig, praktisch und individuell gestaltbar. Ideal zur sicheren Speicherung und \u00dcbertragung von Daten. Das Logo kann frei gew\u00e4hlt werden \u2013 perfekt f\u00fcr Firmen oder Schulprojekte<\/p>\n","protected":false},"featured_media":276,"template":"","meta":[],"product_cat":[],"product_tag":[],"class_list":{"0":"post-278","1":"product","2":"type-product","3":"status-publish","4":"has-post-thumbnail","7":"first","8":"instock","9":"taxable","10":"shipping-taxable","11":"purchasable","12":"product-type-simple"},"_links":{"self":[{"href":"https:\/\/actionmall.act.at\/shop\/593\/wp-json\/wp\/v2\/product\/278"}],"collection":[{"href":"https:\/\/actionmall.act.at\/shop\/593\/wp-json\/wp\/v2\/product"}],"about":[{"href":"https:\/\/actionmall.act.at\/shop\/593\/wp-json\/wp\/v2\/types\/product"}],"wp:featuredmedia":[{"embeddable":true,"href":"https:\/\/actionmall.act.at\/shop\/593\/wp-json\/wp\/v2\/media\/276"}],"wp:attachment":[{"href":"https:\/\/actionmall.act.at\/shop\/593\/wp-json\/wp\/v2\/media?parent=278"}],"wp:term":[{"taxonomy":"product_cat","embeddable":true,"href":"https:\/\/actionmall.act.at\/shop\/593\/wp-json\/wp\/v2\/product_cat?post=278"},{"taxonomy":"product_tag","embeddable":true,"href":"https:\/\/actionmall.act.at\/shop\/593\/wp-json\/wp\/v2\/product_tag?post=278"}],"curies":[{"name":"wp","href":"https:\/\/api.w.org\/{rel}","templated":true}]}}