{"id":279,"date":"2025-12-03T16:08:12","date_gmt":"2025-12-03T15:08:12","guid":{"rendered":"https:\/\/actionmall.act.at\/shop\/593\/?post_type=product&#038;p=279"},"modified":"2026-01-20T15:14:09","modified_gmt":"2026-01-20T14:14:09","slug":"mybrand-mealbag","status":"publish","type":"product","link":"https:\/\/actionmall.act.at\/shop\/593\/produkt\/mybrand-mealbag\/","title":{"rendered":"MyBrand Mealbag"},"content":{"rendered":"<p><strong>ADART \u2013 Muster: personalisierte Mealbag<\/strong><\/p>\n<p>Du willst zuerst sehen, wie dein Logo oder Design auf der Mealbag aussieht?<\/p>\n<p>Mit diesem <strong>einzelnen Muster<\/strong> kannst du Qualit\u00e4t, Material und Druck pr\u00fcfen, bevor du gr\u00f6\u00dfere Mengen bestellst.<\/p>\n<p><strong>Details:<\/strong><\/p>\n<p>1\u00d7 personalisierte Mealbag mit deinem Logo \/ Wunschmotiv<\/p>\n<p>Hochwertiges, langlebiges Material<\/p>\n<p>Praktisch f\u00fcr Schule, Arbeit, Events oder Freizeit<\/p>\n<p>Perfekt zum Testen &#038; Pr\u00e4sentieren<\/p>\n<p>Stylisch, praktisch und individuell \u2013 f\u00fcr Essen unterwegs mit Wiedererkennungswert.<\/p>\n<p><strong>ADART \u2013 Werbung, die man mitnimmt<\/strong><\/p>\n","protected":false},"excerpt":{"rendered":"<p>ADART \u2013 Muster: personalisierte Mealbag Du willst zuerst sehen, wie dein Logo oder Design auf der Mealbag aussieht? Mit diesem einzelnen Muster kannst du Qualit\u00e4t, Material und Druck pr\u00fcfen, bevor du gr\u00f6\u00dfere Mengen bestellst. Details: 1\u00d7 personalisierte Mealbag mit deinem Logo \/ Wunschmotiv Hochwertiges, langlebiges Material Praktisch f\u00fcr Schule, Arbeit, Events oder Freizeit Perfekt zum [&hellip;]<\/p>\n","protected":false},"featured_media":272,"template":"","meta":[],"product_cat":[],"product_tag":[],"class_list":{"0":"post-279","1":"product","2":"type-product","3":"status-publish","4":"has-post-thumbnail","7":"first","8":"instock","9":"taxable","10":"shipping-taxable","11":"purchasable","12":"product-type-simple"},"_links":{"self":[{"href":"https:\/\/actionmall.act.at\/shop\/593\/wp-json\/wp\/v2\/product\/279"}],"collection":[{"href":"https:\/\/actionmall.act.at\/shop\/593\/wp-json\/wp\/v2\/product"}],"about":[{"href":"https:\/\/actionmall.act.at\/shop\/593\/wp-json\/wp\/v2\/types\/product"}],"wp:featuredmedia":[{"embeddable":true,"href":"https:\/\/actionmall.act.at\/shop\/593\/wp-json\/wp\/v2\/media\/272"}],"wp:attachment":[{"href":"https:\/\/actionmall.act.at\/shop\/593\/wp-json\/wp\/v2\/media?parent=279"}],"wp:term":[{"taxonomy":"product_cat","embeddable":true,"href":"https:\/\/actionmall.act.at\/shop\/593\/wp-json\/wp\/v2\/product_cat?post=279"},{"taxonomy":"product_tag","embeddable":true,"href":"https:\/\/actionmall.act.at\/shop\/593\/wp-json\/wp\/v2\/product_tag?post=279"}],"curies":[{"name":"wp","href":"https:\/\/api.w.org\/{rel}","templated":true}]}}