{"id":281,"date":"2025-12-03T16:11:25","date_gmt":"2025-12-03T15:11:25","guid":{"rendered":"https:\/\/actionmall.act.at\/shop\/593\/?post_type=product&#038;p=281"},"modified":"2026-01-20T15:13:31","modified_gmt":"2026-01-20T14:13:31","slug":"mybrand-kugelschreiber-10-stueck","status":"publish","type":"product","link":"https:\/\/actionmall.act.at\/shop\/593\/produkt\/mybrand-kugelschreiber-10-stueck\/","title":{"rendered":"MyBrand Kugelschreiber (10 St\u00fcck)"},"content":{"rendered":"<p>Unser Kugelschreiber \u00fcberzeugt durch elegantes Design und angenehmes Schreibgef\u00fchl. Das Logo kann individuell gestaltet werden \u2013 ideal f\u00fcr Unternehmen, Schulen oder Werbezwecke<\/p>\n","protected":false},"excerpt":{"rendered":"<p>Unser Kugelschreiber \u00fcberzeugt durch elegantes Design und angenehmes Schreibgef\u00fchl. Das Logo kann individuell gestaltet werden \u2013 ideal f\u00fcr Unternehmen, Schulen oder Werbezwecke<\/p>\n","protected":false},"featured_media":282,"template":"","meta":[],"product_cat":[],"product_tag":[],"class_list":{"0":"post-281","1":"product","2":"type-product","3":"status-publish","4":"has-post-thumbnail","7":"first","8":"instock","9":"taxable","10":"shipping-taxable","11":"purchasable","12":"product-type-simple"},"_links":{"self":[{"href":"https:\/\/actionmall.act.at\/shop\/593\/wp-json\/wp\/v2\/product\/281"}],"collection":[{"href":"https:\/\/actionmall.act.at\/shop\/593\/wp-json\/wp\/v2\/product"}],"about":[{"href":"https:\/\/actionmall.act.at\/shop\/593\/wp-json\/wp\/v2\/types\/product"}],"wp:featuredmedia":[{"embeddable":true,"href":"https:\/\/actionmall.act.at\/shop\/593\/wp-json\/wp\/v2\/media\/282"}],"wp:attachment":[{"href":"https:\/\/actionmall.act.at\/shop\/593\/wp-json\/wp\/v2\/media?parent=281"}],"wp:term":[{"taxonomy":"product_cat","embeddable":true,"href":"https:\/\/actionmall.act.at\/shop\/593\/wp-json\/wp\/v2\/product_cat?post=281"},{"taxonomy":"product_tag","embeddable":true,"href":"https:\/\/actionmall.act.at\/shop\/593\/wp-json\/wp\/v2\/product_tag?post=281"}],"curies":[{"name":"wp","href":"https:\/\/api.w.org\/{rel}","templated":true}]}}