{"id":287,"date":"2025-12-03T16:21:22","date_gmt":"2025-12-03T15:21:22","guid":{"rendered":"https:\/\/actionmall.act.at\/shop\/593\/?post_type=product&#038;p=287"},"modified":"2026-01-20T15:10:57","modified_gmt":"2026-01-20T14:10:57","slug":"mybrand-thermosflasche","status":"publish","type":"product","link":"https:\/\/actionmall.act.at\/shop\/593\/produkt\/mybrand-thermosflasche\/","title":{"rendered":"MyBrand Thermosflasche"},"content":{"rendered":"<p>Unsere Thermosflasche h\u00e4lt Getr\u00e4nke zuverl\u00e4ssig hei\u00df oder kalt. Hochwertig verarbeitet und mit individuellem Logo \u2013 ideal f\u00fcr Schule, B\u00fcro oder Outdoor-Aktivit\u00e4ten<\/p>\n","protected":false},"excerpt":{"rendered":"<p>Unsere Thermosflasche h\u00e4lt Getr\u00e4nke zuverl\u00e4ssig hei\u00df oder kalt. Hochwertig verarbeitet und mit individuellem Logo \u2013 ideal f\u00fcr Schule, B\u00fcro oder Outdoor-Aktivit\u00e4ten<\/p>\n","protected":false},"featured_media":284,"template":"","meta":[],"product_cat":[],"product_tag":[],"class_list":{"0":"post-287","1":"product","2":"type-product","3":"status-publish","4":"has-post-thumbnail","7":"first","8":"instock","9":"taxable","10":"shipping-taxable","11":"purchasable","12":"product-type-simple"},"_links":{"self":[{"href":"https:\/\/actionmall.act.at\/shop\/593\/wp-json\/wp\/v2\/product\/287"}],"collection":[{"href":"https:\/\/actionmall.act.at\/shop\/593\/wp-json\/wp\/v2\/product"}],"about":[{"href":"https:\/\/actionmall.act.at\/shop\/593\/wp-json\/wp\/v2\/types\/product"}],"wp:featuredmedia":[{"embeddable":true,"href":"https:\/\/actionmall.act.at\/shop\/593\/wp-json\/wp\/v2\/media\/284"}],"wp:attachment":[{"href":"https:\/\/actionmall.act.at\/shop\/593\/wp-json\/wp\/v2\/media?parent=287"}],"wp:term":[{"taxonomy":"product_cat","embeddable":true,"href":"https:\/\/actionmall.act.at\/shop\/593\/wp-json\/wp\/v2\/product_cat?post=287"},{"taxonomy":"product_tag","embeddable":true,"href":"https:\/\/actionmall.act.at\/shop\/593\/wp-json\/wp\/v2\/product_tag?post=287"}],"curies":[{"name":"wp","href":"https:\/\/api.w.org\/{rel}","templated":true}]}}