{"id":291,"date":"2025-12-03T16:37:50","date_gmt":"2025-12-03T15:37:50","guid":{"rendered":"https:\/\/actionmall.act.at\/shop\/593\/?post_type=product&#038;p=291"},"modified":"2026-01-20T15:09:15","modified_gmt":"2026-01-20T14:09:15","slug":"mybrand-gummibaerchen-stueck-10","status":"publish","type":"product","link":"https:\/\/actionmall.act.at\/shop\/593\/produkt\/mybrand-gummibaerchen-stueck-10\/","title":{"rendered":"MyBrand Gummib\u00e4rchen (St\u00fcck 10)"},"content":{"rendered":"<p><strong>DART \u2013 10\u00d7 personalisierte Gummib\u00e4rchen-T\u00fcten<\/strong><\/p>\n<p>Perfekt f\u00fcr erste Projekte, kleine Events oder als hochwertiges Giveaway.<\/p>\n<p>Du erh\u00e4ltst <strong>10 individuell designte Gummib\u00e4rchen-T\u00fctchen<\/strong> mit deinem Logo oder Wunschmotiv \u2014 ideal, um bei Kunden &#038; G\u00e4sten in Erinnerung zu bleiben.<\/p>\n<p><strong>Details:<\/strong><\/p>\n<p>10\u00d7 Werbe-Gummib\u00e4rchen-T\u00fcten<\/p>\n<p>Individuelles Logo \/ Design auf jedem Etikett<\/p>\n<p>Top-Qualit\u00e4t &#038; super Geschmack<\/p>\n<p>Perfekt f\u00fcr Veranstaltungen, Projekte, Schul- und Firmenaktionen<\/p>\n<p>Klein, s\u00fc\u00df &#038; effektiv: Perfekt f\u00fcr deinen ersten Markenauftritt.<\/p>\n","protected":false},"excerpt":{"rendered":"<p>DART \u2013 10\u00d7 personalisierte Gummib\u00e4rchen-T\u00fcten Perfekt f\u00fcr erste Projekte, kleine Events oder als hochwertiges Giveaway. Du erh\u00e4ltst 10 individuell designte Gummib\u00e4rchen-T\u00fctchen mit deinem Logo oder Wunschmotiv \u2014 ideal, um bei Kunden &#038; G\u00e4sten in Erinnerung zu bleiben. Details: 10\u00d7 Werbe-Gummib\u00e4rchen-T\u00fcten Individuelles Logo \/ Design auf jedem Etikett Top-Qualit\u00e4t &#038; super Geschmack Perfekt f\u00fcr Veranstaltungen, Projekte, [&hellip;]<\/p>\n","protected":false},"featured_media":297,"template":"","meta":[],"product_cat":[],"product_tag":[],"class_list":{"0":"post-291","1":"product","2":"type-product","3":"status-publish","4":"has-post-thumbnail","7":"first","8":"instock","9":"taxable","10":"shipping-taxable","11":"purchasable","12":"product-type-simple"},"_links":{"self":[{"href":"https:\/\/actionmall.act.at\/shop\/593\/wp-json\/wp\/v2\/product\/291"}],"collection":[{"href":"https:\/\/actionmall.act.at\/shop\/593\/wp-json\/wp\/v2\/product"}],"about":[{"href":"https:\/\/actionmall.act.at\/shop\/593\/wp-json\/wp\/v2\/types\/product"}],"wp:featuredmedia":[{"embeddable":true,"href":"https:\/\/actionmall.act.at\/shop\/593\/wp-json\/wp\/v2\/media\/297"}],"wp:attachment":[{"href":"https:\/\/actionmall.act.at\/shop\/593\/wp-json\/wp\/v2\/media?parent=291"}],"wp:term":[{"taxonomy":"product_cat","embeddable":true,"href":"https:\/\/actionmall.act.at\/shop\/593\/wp-json\/wp\/v2\/product_cat?post=291"},{"taxonomy":"product_tag","embeddable":true,"href":"https:\/\/actionmall.act.at\/shop\/593\/wp-json\/wp\/v2\/product_tag?post=291"}],"curies":[{"name":"wp","href":"https:\/\/api.w.org\/{rel}","templated":true}]}}