{"id":293,"date":"2025-12-03T16:29:39","date_gmt":"2025-12-03T15:29:39","guid":{"rendered":"https:\/\/actionmall.act.at\/shop\/593\/?post_type=product&#038;p=293"},"modified":"2026-01-20T15:10:00","modified_gmt":"2026-01-20T14:10:00","slug":"mybrand-tasse","status":"publish","type":"product","link":"https:\/\/actionmall.act.at\/shop\/593\/produkt\/mybrand-tasse\/","title":{"rendered":"MyBrand Tasse"},"content":{"rendered":"<p>MyBrand Tasse<\/p>\n<p>Zum Testen und Ansehen.<\/p>\n<p>Diese hochwertige Keramiktasse ist ideal als Probeartikel, um Qualit\u00e4t, Haptik und Design live zu erleben. Perfekt, um sich vor einer gr\u00f6\u00dferen Bestellung von der Qualit\u00e4t zu \u00fcberzeugen.<\/p>\n<p>Material: Keramik<\/p>\n<p>Fassungsverm\u00f6gen: ca. 330ml<\/p>\n<p>Druck: individuell mit Logo oder Motiv<\/p>\n<p>Hinweis: Musterexemplar &#8211; 1 St\u00fcck<\/p>\n","protected":false},"excerpt":{"rendered":"<p>MyBrand Tasse Zum Testen und Ansehen. Diese hochwertige Keramiktasse ist ideal als Probeartikel, um Qualit\u00e4t, Haptik und Design live zu erleben. Perfekt, um sich vor einer gr\u00f6\u00dferen Bestellung von der Qualit\u00e4t zu \u00fcberzeugen. Material: Keramik Fassungsverm\u00f6gen: ca. 330ml Druck: individuell mit Logo oder Motiv Hinweis: Musterexemplar &#8211; 1 St\u00fcck<\/p>\n","protected":false},"featured_media":292,"template":"","meta":[],"product_cat":[],"product_tag":[],"class_list":{"0":"post-293","1":"product","2":"type-product","3":"status-publish","4":"has-post-thumbnail","7":"first","8":"instock","9":"taxable","10":"shipping-taxable","11":"purchasable","12":"product-type-simple"},"_links":{"self":[{"href":"https:\/\/actionmall.act.at\/shop\/593\/wp-json\/wp\/v2\/product\/293"}],"collection":[{"href":"https:\/\/actionmall.act.at\/shop\/593\/wp-json\/wp\/v2\/product"}],"about":[{"href":"https:\/\/actionmall.act.at\/shop\/593\/wp-json\/wp\/v2\/types\/product"}],"wp:featuredmedia":[{"embeddable":true,"href":"https:\/\/actionmall.act.at\/shop\/593\/wp-json\/wp\/v2\/media\/292"}],"wp:attachment":[{"href":"https:\/\/actionmall.act.at\/shop\/593\/wp-json\/wp\/v2\/media?parent=293"}],"wp:term":[{"taxonomy":"product_cat","embeddable":true,"href":"https:\/\/actionmall.act.at\/shop\/593\/wp-json\/wp\/v2\/product_cat?post=293"},{"taxonomy":"product_tag","embeddable":true,"href":"https:\/\/actionmall.act.at\/shop\/593\/wp-json\/wp\/v2\/product_tag?post=293"}],"curies":[{"name":"wp","href":"https:\/\/api.w.org\/{rel}","templated":true}]}}