{"id":299,"date":"2025-12-03T16:40:19","date_gmt":"2025-12-03T15:40:19","guid":{"rendered":"https:\/\/actionmall.act.at\/shop\/593\/?post_type=product&#038;p=299"},"modified":"2026-01-20T15:08:53","modified_gmt":"2026-01-20T14:08:53","slug":"mybrand-gummibaerchen","status":"publish","type":"product","link":"https:\/\/actionmall.act.at\/shop\/593\/produkt\/mybrand-gummibaerchen\/","title":{"rendered":"MyBrand Gummib\u00e4rchen"},"content":{"rendered":"<p><strong>ADART \u2013 Muster: personalisierte Gummib\u00e4rchen-T\u00fcte<\/strong><\/p>\n<p>Du m\u00f6chtest unsere s\u00fc\u00dfen Werbegummib\u00e4rchen erst testen?<\/p>\n<p>Hier bekommst du <strong>eine einzelne Probepackung<\/strong>, damit du Qualit\u00e4t, Druck &#038; Look checken kannst \u2013 bevor du gr\u00f6\u00dfer bestellst.<\/p>\n<p><strong>Was du bekommst:<\/strong><\/p>\n<p>1\u00d7 personalisierte Gummib\u00e4rchen-T\u00fcte<\/p>\n<p>Dein Logo \/ Wunschmotiv auf dem Etikett<\/p>\n<p>Hochwertige Fruchtgummis<\/p>\n<p>Perfekt zum Testen &#038; Planen deiner Kampagne<\/p>\n<p>S\u00fc\u00df, individuell, aufmerksamkeitsstark \u2013 probier\u2019s aus und \u00fcberzeuge dich selbst.<\/p>\n","protected":false},"excerpt":{"rendered":"<p>ADART \u2013 Muster: personalisierte Gummib\u00e4rchen-T\u00fcte Du m\u00f6chtest unsere s\u00fc\u00dfen Werbegummib\u00e4rchen erst testen? Hier bekommst du eine einzelne Probepackung, damit du Qualit\u00e4t, Druck &#038; Look checken kannst \u2013 bevor du gr\u00f6\u00dfer bestellst. Was du bekommst: 1\u00d7 personalisierte Gummib\u00e4rchen-T\u00fcte Dein Logo \/ Wunschmotiv auf dem Etikett Hochwertige Fruchtgummis Perfekt zum Testen &#038; Planen deiner Kampagne S\u00fc\u00df, individuell, [&hellip;]<\/p>\n","protected":false},"featured_media":297,"template":"","meta":[],"product_cat":[],"product_tag":[],"class_list":{"0":"post-299","1":"product","2":"type-product","3":"status-publish","4":"has-post-thumbnail","7":"first","8":"instock","9":"taxable","10":"shipping-taxable","11":"purchasable","12":"product-type-simple"},"_links":{"self":[{"href":"https:\/\/actionmall.act.at\/shop\/593\/wp-json\/wp\/v2\/product\/299"}],"collection":[{"href":"https:\/\/actionmall.act.at\/shop\/593\/wp-json\/wp\/v2\/product"}],"about":[{"href":"https:\/\/actionmall.act.at\/shop\/593\/wp-json\/wp\/v2\/types\/product"}],"wp:featuredmedia":[{"embeddable":true,"href":"https:\/\/actionmall.act.at\/shop\/593\/wp-json\/wp\/v2\/media\/297"}],"wp:attachment":[{"href":"https:\/\/actionmall.act.at\/shop\/593\/wp-json\/wp\/v2\/media?parent=299"}],"wp:term":[{"taxonomy":"product_cat","embeddable":true,"href":"https:\/\/actionmall.act.at\/shop\/593\/wp-json\/wp\/v2\/product_cat?post=299"},{"taxonomy":"product_tag","embeddable":true,"href":"https:\/\/actionmall.act.at\/shop\/593\/wp-json\/wp\/v2\/product_tag?post=299"}],"curies":[{"name":"wp","href":"https:\/\/api.w.org\/{rel}","templated":true}]}}