{"id":303,"date":"2025-12-03T16:46:26","date_gmt":"2025-12-03T15:46:26","guid":{"rendered":"https:\/\/actionmall.act.at\/shop\/593\/?post_type=product&#038;p=303"},"modified":"2025-12-06T19:17:45","modified_gmt":"2025-12-06T18:17:45","slug":"mybrand-faecher","status":"publish","type":"product","link":"https:\/\/actionmall.act.at\/shop\/593\/produkt\/mybrand-faecher\/","title":{"rendered":"MyBrand F\u00e4cher"},"content":{"rendered":"<p data-start=\"173\" data-end=\"416\">Du willst unseren F\u00e4cher erst testen? Hier ist der <strong data-start=\"224\" data-end=\"246\">ADART Probe-F\u00e4cher<\/strong>!<br data-start=\"247\" data-end=\"250\" \/>Leicht, klappbar und perfekt, um schnell frische Luft zu machen \u2013 ob in der Schule, im B\u00fcro oder drau\u00dfen. Ideal zum Ausprobieren, bevor du ein gr\u00f6\u00dferes Set bestellst.<\/p>\n<p data-start=\"418\" data-end=\"440\"><strong data-start=\"418\" data-end=\"438\">\u2728 Eigenschaften:<\/strong><\/p>\n<ul data-start=\"441\" data-end=\"592\">\n<li data-start=\"441\" data-end=\"468\">\n<p data-start=\"443\" data-end=\"468\">1\u00d7 ADART F\u00e4cher (Probe)<\/p>\n<\/li>\n<li data-start=\"469\" data-end=\"494\">\n<p data-start=\"471\" data-end=\"494\">Faltbar &#038; superleicht<\/p>\n<\/li>\n<li data-start=\"495\" data-end=\"525\">\n<p data-start=\"497\" data-end=\"525\">Stabiles Kunststoffgestell<\/p>\n<\/li>\n<li data-start=\"526\" data-end=\"544\">\n<p data-start=\"528\" data-end=\"544\">ADART-Branding<\/p>\n<\/li>\n<li data-start=\"545\" data-end=\"592\">\n<p data-start=\"547\" data-end=\"592\">Perfekt als kleiner Test- oder Werbeartikel<\/p>\n<\/li>\n<\/ul>\n","protected":false},"excerpt":{"rendered":"<p>Du willst unseren F\u00e4cher erst testen? Hier ist der ADART Probe-F\u00e4cher!Leicht, klappbar und perfekt, um schnell frische Luft zu machen \u2013 ob in der Schule, im B\u00fcro oder drau\u00dfen. Ideal zum Ausprobieren, bevor du ein gr\u00f6\u00dferes Set bestellst. \u2728 Eigenschaften: 1\u00d7 ADART F\u00e4cher (Probe) Faltbar &#038; superleicht Stabiles Kunststoffgestell ADART-Branding Perfekt als kleiner Test- oder [&hellip;]<\/p>\n","protected":false},"featured_media":302,"template":"","meta":[],"product_cat":[],"product_tag":[],"class_list":{"0":"post-303","1":"product","2":"type-product","3":"status-publish","4":"has-post-thumbnail","7":"first","8":"instock","9":"taxable","10":"shipping-taxable","11":"purchasable","12":"product-type-simple"},"_links":{"self":[{"href":"https:\/\/actionmall.act.at\/shop\/593\/wp-json\/wp\/v2\/product\/303"}],"collection":[{"href":"https:\/\/actionmall.act.at\/shop\/593\/wp-json\/wp\/v2\/product"}],"about":[{"href":"https:\/\/actionmall.act.at\/shop\/593\/wp-json\/wp\/v2\/types\/product"}],"wp:featuredmedia":[{"embeddable":true,"href":"https:\/\/actionmall.act.at\/shop\/593\/wp-json\/wp\/v2\/media\/302"}],"wp:attachment":[{"href":"https:\/\/actionmall.act.at\/shop\/593\/wp-json\/wp\/v2\/media?parent=303"}],"wp:term":[{"taxonomy":"product_cat","embeddable":true,"href":"https:\/\/actionmall.act.at\/shop\/593\/wp-json\/wp\/v2\/product_cat?post=303"},{"taxonomy":"product_tag","embeddable":true,"href":"https:\/\/actionmall.act.at\/shop\/593\/wp-json\/wp\/v2\/product_tag?post=303"}],"curies":[{"name":"wp","href":"https:\/\/api.w.org\/{rel}","templated":true}]}}