{"id":306,"date":"2025-12-03T16:52:44","date_gmt":"2025-12-03T15:52:44","guid":{"rendered":"https:\/\/actionmall.act.at\/shop\/593\/?post_type=product&#038;p=306"},"modified":"2025-12-06T18:13:56","modified_gmt":"2025-12-06T17:13:56","slug":"mybrand-feuerzeug","status":"publish","type":"product","link":"https:\/\/actionmall.act.at\/shop\/593\/produkt\/mybrand-feuerzeug\/","title":{"rendered":"MyBrand Feuerzeug"},"content":{"rendered":"<p><strong>ADART \u2013 Muster: personalisiertes Feuerzeug<\/strong><\/p>\n<p>Du willst erst sehen, wie dein Logo auf dem Feuerzeug wirkt?<\/p>\n<p>Mit diesem <strong>einzelnen Muster-Feuerzeug<\/strong> kannst du Druck, Qualit\u00e4t und Handling testen, bevor du eine gr\u00f6\u00dfere Menge bestellst.<\/p>\n<p><strong>Details:<\/strong><\/p>\n<p>1\u00d7 Feuerzeug mit deinem Logo \/ Wunschdesign<\/p>\n<p>Sauberer Druck &#038; hochwertige Optik<\/p>\n<p>Praktisch, leicht &#038; zuverl\u00e4ssig<\/p>\n<p>Ideal zum Testen &#038; Pr\u00e4sentieren<\/p>\n<p>Perfekt f\u00fcr Events, Partys, Vereine, Firmen &#038; Give-aways.<\/p>\n<p><strong>ADART \u2013 Werbung, die z\u00fcndet.<\/strong><\/p>\n","protected":false},"excerpt":{"rendered":"<p>ADART \u2013 Muster: personalisiertes Feuerzeug Du willst erst sehen, wie dein Logo auf dem Feuerzeug wirkt? Mit diesem einzelnen Muster-Feuerzeug kannst du Druck, Qualit\u00e4t und Handling testen, bevor du eine gr\u00f6\u00dfere Menge bestellst. Details: 1\u00d7 Feuerzeug mit deinem Logo \/ Wunschdesign Sauberer Druck &#038; hochwertige Optik Praktisch, leicht &#038; zuverl\u00e4ssig Ideal zum Testen &#038; Pr\u00e4sentieren [&hellip;]<\/p>\n","protected":false},"featured_media":305,"template":"","meta":[],"product_cat":[],"product_tag":[],"class_list":{"0":"post-306","1":"product","2":"type-product","3":"status-publish","4":"has-post-thumbnail","7":"first","8":"instock","9":"taxable","10":"shipping-taxable","11":"purchasable","12":"product-type-simple"},"_links":{"self":[{"href":"https:\/\/actionmall.act.at\/shop\/593\/wp-json\/wp\/v2\/product\/306"}],"collection":[{"href":"https:\/\/actionmall.act.at\/shop\/593\/wp-json\/wp\/v2\/product"}],"about":[{"href":"https:\/\/actionmall.act.at\/shop\/593\/wp-json\/wp\/v2\/types\/product"}],"wp:featuredmedia":[{"embeddable":true,"href":"https:\/\/actionmall.act.at\/shop\/593\/wp-json\/wp\/v2\/media\/305"}],"wp:attachment":[{"href":"https:\/\/actionmall.act.at\/shop\/593\/wp-json\/wp\/v2\/media?parent=306"}],"wp:term":[{"taxonomy":"product_cat","embeddable":true,"href":"https:\/\/actionmall.act.at\/shop\/593\/wp-json\/wp\/v2\/product_cat?post=306"},{"taxonomy":"product_tag","embeddable":true,"href":"https:\/\/actionmall.act.at\/shop\/593\/wp-json\/wp\/v2\/product_tag?post=306"}],"curies":[{"name":"wp","href":"https:\/\/api.w.org\/{rel}","templated":true}]}}