{"id":307,"date":"2025-12-03T16:56:41","date_gmt":"2025-12-03T15:56:41","guid":{"rendered":"https:\/\/actionmall.act.at\/shop\/593\/?post_type=product&#038;p=307"},"modified":"2025-12-06T19:25:56","modified_gmt":"2025-12-06T18:25:56","slug":"mybrand-buttons-10-stueck","status":"publish","type":"product","link":"https:\/\/actionmall.act.at\/shop\/593\/produkt\/mybrand-buttons-10-stueck\/","title":{"rendered":"MyBrand Buttons (10 St\u00fcck)"},"content":{"rendered":"<p><strong>ADART \u2013 10\u00d7 personalisierte Buttons<\/strong><\/p>\n<p>Perfekt f\u00fcr kleine Aktionen, Give-aways oder Vereinsprojekte:<\/p>\n<p>Du erh\u00e4ltst <strong>10 individuell gestaltete Buttons<\/strong> mit deinem Logo oder Namen \u2013 sichtbar, stylisch und langlebig.<\/p>\n<p><strong>Details:<\/strong><\/p>\n<p>10\u00d7 personalisierte Buttons<\/p>\n<p>Hochwertiger Druck &#038; stabile Verarbeitung<\/p>\n<p>Ideal f\u00fcr Taschen, Kleidung, Events, Schule, Vereine oder Firmenaktionen<\/p>\n<p>Praktisches und auff\u00e4lliges Werbemittel<\/p>\n<p><strong>ADART \u2013 dein Name, \u00fcberall pr\u00e4sent.<\/strong><\/p>\n","protected":false},"excerpt":{"rendered":"<p>ADART \u2013 10\u00d7 personalisierte Buttons Perfekt f\u00fcr kleine Aktionen, Give-aways oder Vereinsprojekte: Du erh\u00e4ltst 10 individuell gestaltete Buttons mit deinem Logo oder Namen \u2013 sichtbar, stylisch und langlebig. Details: 10\u00d7 personalisierte Buttons Hochwertiger Druck &#038; stabile Verarbeitung Ideal f\u00fcr Taschen, Kleidung, Events, Schule, Vereine oder Firmenaktionen Praktisches und auff\u00e4lliges Werbemittel ADART \u2013 dein Name, \u00fcberall [&hellip;]<\/p>\n","protected":false},"featured_media":308,"template":"","meta":[],"product_cat":[],"product_tag":[],"class_list":{"0":"post-307","1":"product","2":"type-product","3":"status-publish","4":"has-post-thumbnail","7":"first","8":"instock","9":"taxable","10":"shipping-taxable","11":"purchasable","12":"product-type-simple"},"_links":{"self":[{"href":"https:\/\/actionmall.act.at\/shop\/593\/wp-json\/wp\/v2\/product\/307"}],"collection":[{"href":"https:\/\/actionmall.act.at\/shop\/593\/wp-json\/wp\/v2\/product"}],"about":[{"href":"https:\/\/actionmall.act.at\/shop\/593\/wp-json\/wp\/v2\/types\/product"}],"wp:featuredmedia":[{"embeddable":true,"href":"https:\/\/actionmall.act.at\/shop\/593\/wp-json\/wp\/v2\/media\/308"}],"wp:attachment":[{"href":"https:\/\/actionmall.act.at\/shop\/593\/wp-json\/wp\/v2\/media?parent=307"}],"wp:term":[{"taxonomy":"product_cat","embeddable":true,"href":"https:\/\/actionmall.act.at\/shop\/593\/wp-json\/wp\/v2\/product_cat?post=307"},{"taxonomy":"product_tag","embeddable":true,"href":"https:\/\/actionmall.act.at\/shop\/593\/wp-json\/wp\/v2\/product_tag?post=307"}],"curies":[{"name":"wp","href":"https:\/\/api.w.org\/{rel}","templated":true}]}}