{"id":310,"date":"2025-12-03T17:05:18","date_gmt":"2025-12-03T16:05:18","guid":{"rendered":"https:\/\/actionmall.act.at\/shop\/593\/?post_type=product&#038;p=310"},"modified":"2025-12-06T18:12:56","modified_gmt":"2025-12-06T17:12:56","slug":"mybrand-buttons","status":"publish","type":"product","link":"https:\/\/actionmall.act.at\/shop\/593\/produkt\/mybrand-buttons\/","title":{"rendered":"MyBrand Buttons"},"content":{"rendered":"<p><strong>ADART \u2013 Muster: personalisierter Button<\/strong><\/p>\n<p>Du willst erst testen, wie dein Name oder Logo auf einem Button wirkt?<\/p>\n<p>Mit diesem <strong>einzelnen Muster-Button<\/strong> kannst du Druck, Gr\u00f6\u00dfe und Design pr\u00fcfen, bevor du gr\u00f6\u00dfere Mengen bestellst.<\/p>\n<p><strong>Details:<\/strong><\/p>\n<p>1\u00d7 personalisierter Button mit deinem Namen \/ Logo<\/p>\n<p>Hochwertiger Druck &#038; stabile Verarbeitung<\/p>\n<p>Praktisch f\u00fcr Taschen, Kleidung oder als Give-away<\/p>\n<p>Ideal zum Testen &#038; Pr\u00e4sentieren<\/p>\n<p>Perfekt f\u00fcr Events, Vereine, Schule, Firmen oder Merch.<\/p>\n<p><strong>ADART \u2013 Werbung, die man sieht.<\/strong><\/p>\n","protected":false},"excerpt":{"rendered":"<p>ADART \u2013 Muster: personalisierter Button Du willst erst testen, wie dein Name oder Logo auf einem Button wirkt? Mit diesem einzelnen Muster-Button kannst du Druck, Gr\u00f6\u00dfe und Design pr\u00fcfen, bevor du gr\u00f6\u00dfere Mengen bestellst. Details: 1\u00d7 personalisierter Button mit deinem Namen \/ Logo Hochwertiger Druck &#038; stabile Verarbeitung Praktisch f\u00fcr Taschen, Kleidung oder als Give-away [&hellip;]<\/p>\n","protected":false},"featured_media":308,"template":"","meta":[],"product_cat":[],"product_tag":[],"class_list":{"0":"post-310","1":"product","2":"type-product","3":"status-publish","4":"has-post-thumbnail","7":"first","8":"instock","9":"taxable","10":"shipping-taxable","11":"purchasable","12":"product-type-simple"},"_links":{"self":[{"href":"https:\/\/actionmall.act.at\/shop\/593\/wp-json\/wp\/v2\/product\/310"}],"collection":[{"href":"https:\/\/actionmall.act.at\/shop\/593\/wp-json\/wp\/v2\/product"}],"about":[{"href":"https:\/\/actionmall.act.at\/shop\/593\/wp-json\/wp\/v2\/types\/product"}],"wp:featuredmedia":[{"embeddable":true,"href":"https:\/\/actionmall.act.at\/shop\/593\/wp-json\/wp\/v2\/media\/308"}],"wp:attachment":[{"href":"https:\/\/actionmall.act.at\/shop\/593\/wp-json\/wp\/v2\/media?parent=310"}],"wp:term":[{"taxonomy":"product_cat","embeddable":true,"href":"https:\/\/actionmall.act.at\/shop\/593\/wp-json\/wp\/v2\/product_cat?post=310"},{"taxonomy":"product_tag","embeddable":true,"href":"https:\/\/actionmall.act.at\/shop\/593\/wp-json\/wp\/v2\/product_tag?post=310"}],"curies":[{"name":"wp","href":"https:\/\/api.w.org\/{rel}","templated":true}]}}