{"id":313,"date":"2025-12-03T17:09:51","date_gmt":"2025-12-03T16:09:51","guid":{"rendered":"https:\/\/actionmall.act.at\/shop\/593\/?post_type=product&#038;p=313"},"modified":"2025-12-06T18:11:11","modified_gmt":"2025-12-06T17:11:11","slug":"mybrand-stoffbeutel","status":"publish","type":"product","link":"https:\/\/actionmall.act.at\/shop\/593\/produkt\/mybrand-stoffbeutel\/","title":{"rendered":"MyBrand Stoffbeutel"},"content":{"rendered":"<p><strong>ADART \u2013 Muster: personalisierter Stoffbeutel<\/strong><\/p>\n<p>Du willst zuerst Material, Druck und Look testen?<\/p>\n<p>Mit diesem <strong>einzelnen Muster-Stoffbeutel<\/strong> kannst du dir Qualit\u00e4t &#038; Design live anschauen, bevor du eine gr\u00f6\u00dfere Menge bestellst.<\/p>\n<p><strong>Details:<\/strong><\/p>\n<p>1\u00d7 Stoffbeutel mit deinem Logo \/ Wunschmotiv<\/p>\n<p>Hochwertiger Druck<\/p>\n<p>Stabil &#038; wiederverwendbar<\/p>\n<p>Perfekt zum Vorabtesten &#038; Pr\u00e4sentieren<\/p>\n<p>Ideal f\u00fcr Schule, Events, Firmen, Merch &#038; nachhaltige Projekte.<\/p>\n<p><strong>ADART \u2013 Werbung, die man gerne tr\u00e4gt.<\/strong><\/p>\n","protected":false},"excerpt":{"rendered":"<p>ADART \u2013 Muster: personalisierter Stoffbeutel Du willst zuerst Material, Druck und Look testen? Mit diesem einzelnen Muster-Stoffbeutel kannst du dir Qualit\u00e4t &#038; Design live anschauen, bevor du eine gr\u00f6\u00dfere Menge bestellst. Details: 1\u00d7 Stoffbeutel mit deinem Logo \/ Wunschmotiv Hochwertiger Druck Stabil &#038; wiederverwendbar Perfekt zum Vorabtesten &#038; Pr\u00e4sentieren Ideal f\u00fcr Schule, Events, Firmen, Merch [&hellip;]<\/p>\n","protected":false},"featured_media":311,"template":"","meta":[],"product_cat":[],"product_tag":[],"class_list":{"0":"post-313","1":"product","2":"type-product","3":"status-publish","4":"has-post-thumbnail","7":"first","8":"instock","9":"taxable","10":"shipping-taxable","11":"purchasable","12":"product-type-simple"},"_links":{"self":[{"href":"https:\/\/actionmall.act.at\/shop\/593\/wp-json\/wp\/v2\/product\/313"}],"collection":[{"href":"https:\/\/actionmall.act.at\/shop\/593\/wp-json\/wp\/v2\/product"}],"about":[{"href":"https:\/\/actionmall.act.at\/shop\/593\/wp-json\/wp\/v2\/types\/product"}],"wp:featuredmedia":[{"embeddable":true,"href":"https:\/\/actionmall.act.at\/shop\/593\/wp-json\/wp\/v2\/media\/311"}],"wp:attachment":[{"href":"https:\/\/actionmall.act.at\/shop\/593\/wp-json\/wp\/v2\/media?parent=313"}],"wp:term":[{"taxonomy":"product_cat","embeddable":true,"href":"https:\/\/actionmall.act.at\/shop\/593\/wp-json\/wp\/v2\/product_cat?post=313"},{"taxonomy":"product_tag","embeddable":true,"href":"https:\/\/actionmall.act.at\/shop\/593\/wp-json\/wp\/v2\/product_tag?post=313"}],"curies":[{"name":"wp","href":"https:\/\/api.w.org\/{rel}","templated":true}]}}