{"id":319,"date":"2025-12-10T16:30:14","date_gmt":"2025-12-10T15:30:14","guid":{"rendered":"https:\/\/actionmall.act.at\/shop\/593\/?post_type=product&#038;p=319"},"modified":"2026-01-20T15:06:08","modified_gmt":"2026-01-20T14:06:08","slug":"mybrand-stickynotes","status":"publish","type":"product","link":"https:\/\/actionmall.act.at\/shop\/593\/produkt\/mybrand-stickynotes\/","title":{"rendered":"MyBrand Stickynotes"},"content":{"rendered":"<p>Unsere Sticky Notes sind praktisch, haftstark und ideal f\u00fcr Notizen oder Erinnerungen. Mit individuellem Logo ein n\u00fctzliches Werbemittel f\u00fcr Firmen oder Schulprojekte<\/p>\n","protected":false},"excerpt":{"rendered":"<p>Unsere Sticky Notes sind praktisch, haftstark und ideal f\u00fcr Notizen oder Erinnerungen. Mit individuellem Logo ein n\u00fctzliches Werbemittel f\u00fcr Firmen oder Schulprojekte<\/p>\n","protected":false},"featured_media":340,"template":"","meta":[],"product_cat":[],"product_tag":[],"class_list":{"0":"post-319","1":"product","2":"type-product","3":"status-publish","4":"has-post-thumbnail","7":"first","8":"instock","9":"taxable","10":"shipping-taxable","11":"purchasable","12":"product-type-simple"},"_links":{"self":[{"href":"https:\/\/actionmall.act.at\/shop\/593\/wp-json\/wp\/v2\/product\/319"}],"collection":[{"href":"https:\/\/actionmall.act.at\/shop\/593\/wp-json\/wp\/v2\/product"}],"about":[{"href":"https:\/\/actionmall.act.at\/shop\/593\/wp-json\/wp\/v2\/types\/product"}],"wp:featuredmedia":[{"embeddable":true,"href":"https:\/\/actionmall.act.at\/shop\/593\/wp-json\/wp\/v2\/media\/340"}],"wp:attachment":[{"href":"https:\/\/actionmall.act.at\/shop\/593\/wp-json\/wp\/v2\/media?parent=319"}],"wp:term":[{"taxonomy":"product_cat","embeddable":true,"href":"https:\/\/actionmall.act.at\/shop\/593\/wp-json\/wp\/v2\/product_cat?post=319"},{"taxonomy":"product_tag","embeddable":true,"href":"https:\/\/actionmall.act.at\/shop\/593\/wp-json\/wp\/v2\/product_tag?post=319"}],"curies":[{"name":"wp","href":"https:\/\/api.w.org\/{rel}","templated":true}]}}