{"id":320,"date":"2025-12-10T16:34:09","date_gmt":"2025-12-10T15:34:09","guid":{"rendered":"https:\/\/actionmall.act.at\/shop\/593\/?post_type=product&#038;p=320"},"modified":"2026-01-20T15:05:46","modified_gmt":"2026-01-20T14:05:46","slug":"mybrand-socken-10-stueck","status":"publish","type":"product","link":"https:\/\/actionmall.act.at\/shop\/593\/produkt\/mybrand-socken-10-stueck\/","title":{"rendered":"MyBrand Socken (10 St\u00fcck)"},"content":{"rendered":"<p>Bequeme, atmungsaktive Socken mit Ihrem eigenen Logo oben \u2013 perfekt f\u00fcr Firmen, Vereine oder Events.<\/p>\n<p>Weiches Material, elastischer Bund und langlebige Qualit\u00e4t f\u00fcr h\u00f6chsten Tragekomfort.<\/p>\n","protected":false},"excerpt":{"rendered":"<p>Bequeme, atmungsaktive Socken mit Ihrem eigenen Logo oben \u2013 perfekt f\u00fcr Firmen, Vereine oder Events. Weiches Material, elastischer Bund und langlebige Qualit\u00e4t f\u00fcr h\u00f6chsten Tragekomfort.<\/p>\n","protected":false},"featured_media":339,"template":"","meta":[],"product_cat":[],"product_tag":[],"class_list":{"0":"post-320","1":"product","2":"type-product","3":"status-publish","4":"has-post-thumbnail","7":"first","8":"instock","9":"taxable","10":"shipping-taxable","11":"purchasable","12":"product-type-simple"},"_links":{"self":[{"href":"https:\/\/actionmall.act.at\/shop\/593\/wp-json\/wp\/v2\/product\/320"}],"collection":[{"href":"https:\/\/actionmall.act.at\/shop\/593\/wp-json\/wp\/v2\/product"}],"about":[{"href":"https:\/\/actionmall.act.at\/shop\/593\/wp-json\/wp\/v2\/types\/product"}],"wp:featuredmedia":[{"embeddable":true,"href":"https:\/\/actionmall.act.at\/shop\/593\/wp-json\/wp\/v2\/media\/339"}],"wp:attachment":[{"href":"https:\/\/actionmall.act.at\/shop\/593\/wp-json\/wp\/v2\/media?parent=320"}],"wp:term":[{"taxonomy":"product_cat","embeddable":true,"href":"https:\/\/actionmall.act.at\/shop\/593\/wp-json\/wp\/v2\/product_cat?post=320"},{"taxonomy":"product_tag","embeddable":true,"href":"https:\/\/actionmall.act.at\/shop\/593\/wp-json\/wp\/v2\/product_tag?post=320"}],"curies":[{"name":"wp","href":"https:\/\/api.w.org\/{rel}","templated":true}]}}